{"id":18,"date":"2018-01-16T17:08:34","date_gmt":"2018-01-16T14:08:34","guid":{"rendered":"http:\/\/www.siberguvenlikzirvesi.org.tr\/2020\/?page_id=18"},"modified":"2020-02-04T19:03:13","modified_gmt":"2020-02-04T16:03:13","slug":"oturumlar","status":"publish","type":"page","link":"https:\/\/www.siberguvenlikzirvesi.org.tr\/2020\/oturumlar","title":{"rendered":"Oturumlar"},"content":{"rendered":"<p><span style=\"color: #853c78;\"><strong>Etkinlik Oturumlar\u0131<\/strong><\/span><\/p>\n<p><strong><span style=\"color: #000177;\">Oturum-1: Kamuda Siber G\u00fcvenlik Stratejileri <\/span><\/strong><\/p>\n<p>Son y\u0131llarda Devlet destekli sald\u0131r\u0131lar\u0131n \u00f6zellikle siber casusluk ve siber sabotajlara y\u00f6neldi\u011fi bu nedenle de ba\u015fta telekom altyap\u0131s\u0131 olmak \u00fczere kritik altyap\u0131lar\u0131n ve kamu kurumlar\u0131n\u0131n her zamankinden daha \u00e7ok siber tehditlerin oda\u011f\u0131nda yer ald\u0131\u011f\u0131 bilinmektedir. Bu Oturumda Yapay Zeka, Nesnelerin interneti ile 5G ve \u00d6tesi teknolojilere y\u00f6nelik siber g\u00fcvenlik stratejileri, eylem planlar\u0131 ve uygulamalar ortak ak\u0131l olu\u015fturmak amac\u0131yla tart\u0131\u015f\u0131lacakt\u0131r.<\/p>\n<p><span style=\"color: #000177;\"><strong>Oturum-2: Dijital D\u00f6n\u00fc\u015f\u00fcmde Siber G\u00fcvenlik: Yapay Zeka ve Kay\u0131t Zinciri<\/strong><\/span><\/p>\n<p>Dijital d\u00f6n\u00fc\u015f\u00fcmde IoT, B\u00fcy\u00fck Veri, Yapay Zek\u00e2 ve Kay\u0131t Zinciri gibi teknolojilerdeki h\u0131zl\u0131 geli\u015fmeler siber g\u00fcvenli\u011fin kapsam\u0131n\u0131 ve \u00f6nemini de\u011fi\u015ftirmeye ba\u015flam\u0131\u015ft\u0131r. Bu nedenlede, ak\u0131ll\u0131, etkin ve s\u00fcrd\u00fcr\u00fclebilir siber g\u00fcvenlik altyap\u0131lar\u0131n\u0131n kurulmas\u0131, entegrasyonu ve otomatik olarak i\u015fletilebilmesi hayati \u00f6nem kazanm\u0131\u015ft\u0131r. Bu geli\u015fmeler do\u011frultusunda, \u00fclkemizin \u00f6nde gelen uzmanlar\u0131 k\u00fcresel e\u011filimleri de g\u00f6z\u00f6n\u00fcnde bulundurarak siber g\u00fcvenli\u011fin insan, s\u00fcre\u00e7 ve teknolojik boyutlar\u0131n\u0131 tart\u0131\u015facak ve ortak ak\u0131l olu\u015fturulmas\u0131na katk\u0131 sa\u011flayacaklard\u0131r.<\/p>\n<p><strong><span style=\"color: #000177;\">Oturum-3: K\u00fcreselle\u015fmede Veri G\u00fcvenli\u011fi<\/span><\/strong><\/p>\n<p>Dijital d\u00f6n\u00fc\u015f\u00fcm s\u00fcrecinde, geleneksel idari yap\u0131lar \u015fekil de\u011fi\u015ftirmekte ve mevcut hukuk kurallar\u0131 bu yeni etkile\u015fime ayak uydurmaya zorlanmaktad\u0131r. Veri g\u00fcvenli\u011fi ise devletler taraf\u0131nda uluslararas\u0131 stratejik bir konu olarak \u00f6n plana \u00e7\u0131kmaktad\u0131r. Facebook veri skandal\u0131 sonras\u0131nda GDPR ve KVKK gibi ki\u015fisel verilerin korunmas\u0131na y\u00f6nelik kanunlar kapsam\u0131nda baz\u0131 cezai yapt\u0131r\u0131mlar\u0131n uyguland\u0131\u011f\u0131 di\u011fer taraftan ise toplumsal fark\u0131ndal\u0131\u011f\u0131n artt\u0131\u011f\u0131 sosyal medya ortam\u0131nda g\u00fcvenlik ayarlar\u0131n\u0131n g\u00fcncellendi\u011fi g\u00f6r\u00fclmektedir. Bu Oturumda siber g\u00fcvenlik hukuku uygulamalar\u0131, adli bili\u015fim de\u011ferlendirme s\u00fcre\u00e7leri ile Ki\u015fisel Verileri Koruma Kanunu kapsam\u0131nda yap\u0131lacak i\u015flem ve uygulamalar (VERB\u0130S) insan, s\u00fcre, yapt\u0131r\u0131m ve teknolojik boyutlar\u0131 ile tart\u0131\u015f\u0131lacak ve ortak ak\u0131l olu\u015fturulacakt\u0131r.<\/p>\n<p><strong><span style=\"color: #ff0000;\">E\u011e\u0130T\u0130MLER<\/span><\/strong><\/p>\n<p><strong><span style=\"color: #000177;\">&#8220;Gelece\u011fi \u015eekillendiren Yapay Zeka&#8221; E\u011fitimi<\/span><\/strong><\/p>\n<p>Dijitalle\u015fen evrende gelece\u011fi \u015fekillendirecek teknolojilerin ba\u015f\u0131nda gelen &#8220;Yapay Zeka&#8221; konusunda 14-16 ya\u015f aras\u0131ndaki \u00f6\u011frencilerde fark\u0131ndal\u0131k yaratmak ve onlar\u0131 dijitalle\u015fen d\u00fcnyaya haz\u0131rlamak amac\u0131yla 1.5 saatlik bir e\u011fitim planlanm\u0131\u015ft\u0131r. S\u00f6z konusu e\u011fitimde; Yapay zeka nedir, ne de\u011fildir, nas\u0131l \u00e7al\u0131\u015f\u0131r, nerelerde kullan\u0131labilir ve yapay zeka ile ilgili ne t\u00fcr sorunlar ile kar\u015f\u0131la\u015f\u0131labilir sorular\u0131na a\u00e7\u0131kl\u0131k getirecektir. Ayr\u0131ca \u00e7ocuklar\u0131n ilgisini \u00e7ekecek uygulama \u00f6rnekleri de e\u011fitim i\u00e7eri\u011finde yer almaktad\u0131r. S\u00f6z konusu e\u011fitim T.C. Cumhurba\u015fkanl\u0131\u011f\u0131 Dijital D\u00f6n\u00fc\u015f\u00fcm Ofisinden Yapay Zeka Uzman\u0131 Sn. Alican A\u015eAN taraf\u0131ndan 20 \u015eubat 2020 tarihinde T\u00fcrkiye Bili\u015fim Derne\u011fi Taraf\u0131ndan Bilgi Teknolojileri ve \u0130leti\u015fim Kurumu&#8217;nda (BTK) d\u00fczenlenen Siber G\u00fcvenlik Zirvesi kapsam\u0131nda verilecektir.<\/p>\n<p><span style=\"color: #000177;\"><strong>&#8220;Siber Zorbal\u0131k&#8221; E\u011fitimi<\/strong><\/span><\/p>\n<p>Dijitalle\u015fen evrende \u00e7ocuklar\u0131m\u0131z\u0131n siber uzaydan gelebilecek sald\u0131r\u0131lar ile nas\u0131l m\u00fccadele etmesi gerekti\u011fini, kendilerini \u00e7evrim i\u00e7i istismardan ve siber zorbalardan nas\u0131l koruyabileceklerini anlatan 1.5 saatlik bir e\u011fitim planlanm\u0131\u015ft\u0131r. S\u00f6z konusu e\u011fitim TBD Gen\u00e7 Genel Ba\u015fkan\u0131 Sn. Melih A\u015eICI taraf\u0131ndan 20 \u015eubat 2020 tarihinde T\u00fcrkiye Bili\u015fim Derne\u011fi Taraf\u0131ndan Bilgi Teknolojileri ve \u0130leti\u015fim Kurumu&#8217;nda (BTK) d\u00fczenlenen Siber G\u00fcvenlik Zirvesi kapsam\u0131nda verilecektir.<\/p>\n<p><strong>S\u00f6z konusu e\u011fitimler i\u00e7in TBD taraf\u0131ndan MEB&#8217;den resmi izin al\u0131nmaktad\u0131r. Toplam 150 ki\u015filik bir grup (\u00d6\u011frenci + \u00d6\u011fretmen) ABB&#8217;den tahsis edilecek otob\u00fcsler ile BTK&#8217;ya saat 09.30&#8217;da g\u00f6t\u00fcr\u00fclecektir. Bakan\u0131n kat\u0131laca\u011f\u0131 a\u00e7\u0131l\u0131\u015f t\u00f6renine m\u00fcteakip e\u011fitimler verilecektir. E\u011fitim&#8217;de yemek ikram\u0131 da yer almaktad\u0131r. E\u011fitimin tamamlanmas\u0131na m\u00fcteakip otob\u00fcsler ile \u00f6\u011frenciler al\u0131nd\u0131klar\u0131 okula b\u0131rak\u0131lacakt\u0131r.<\/strong><\/p>\n","protected":false},"excerpt":{"rendered":"<p>Etkinlik Oturumlar\u0131 Oturum-1: Kamuda Siber G\u00fcvenlik Stratejileri Son y\u0131llarda Devlet destekli sald\u0131r\u0131lar\u0131n \u00f6zellikle siber casusluk ve siber sabotajlara y\u00f6neldi\u011fi bu nedenle de ba\u015fta telekom altyap\u0131s\u0131 olmak<span class=\"excerpt-hellip\"> [\u2026]<\/span><\/p>\n","protected":false},"author":1,"featured_media":0,"parent":0,"menu_order":0,"comment_status":"closed","ping_status":"closed","template":"","meta":{"rs_blank_template":"","rs_page_bg_color":"","slide_template_v7":"","footnotes":""},"class_list":["post-18","page","type-page","status-publish","hentry"],"_links":{"self":[{"href":"https:\/\/www.siberguvenlikzirvesi.org.tr\/2020\/wp-json\/wp\/v2\/pages\/18","targetHints":{"allow":["GET"]}}],"collection":[{"href":"https:\/\/www.siberguvenlikzirvesi.org.tr\/2020\/wp-json\/wp\/v2\/pages"}],"about":[{"href":"https:\/\/www.siberguvenlikzirvesi.org.tr\/2020\/wp-json\/wp\/v2\/types\/page"}],"author":[{"embeddable":true,"href":"https:\/\/www.siberguvenlikzirvesi.org.tr\/2020\/wp-json\/wp\/v2\/users\/1"}],"replies":[{"embeddable":true,"href":"https:\/\/www.siberguvenlikzirvesi.org.tr\/2020\/wp-json\/wp\/v2\/comments?post=18"}],"version-history":[{"count":10,"href":"https:\/\/www.siberguvenlikzirvesi.org.tr\/2020\/wp-json\/wp\/v2\/pages\/18\/revisions"}],"predecessor-version":[{"id":323,"href":"https:\/\/www.siberguvenlikzirvesi.org.tr\/2020\/wp-json\/wp\/v2\/pages\/18\/revisions\/323"}],"wp:attachment":[{"href":"https:\/\/www.siberguvenlikzirvesi.org.tr\/2020\/wp-json\/wp\/v2\/media?parent=18"}],"curies":[{"name":"wp","href":"https:\/\/api.w.org\/{rel}","templated":true}]}}