{"id":455,"date":"2021-01-11T12:25:02","date_gmt":"2021-01-11T09:25:02","guid":{"rendered":"https:\/\/www.siberguvenlikzirvesi.org.tr\/2021\/?page_id=455"},"modified":"2021-01-11T17:52:34","modified_gmt":"2021-01-11T14:52:34","slug":"oturumlar","status":"publish","type":"page","link":"https:\/\/www.siberguvenlikzirvesi.org.tr\/2021\/oturumlar","title":{"rendered":"Oturumlar"},"content":{"rendered":"<ul>\n<li><a href=\"https:\/\/www.siberguvenlikzirvesi.org.tr\/2021\/oturumlar\/oturum-1-insan-odakli-siber-guvenlik-stratejileri\">Oturum-1: \u0130nsan Odakl\u0131 Siber G\u00fcvenlik Stratejileri<\/a><\/li>\n<li><a href=\"https:\/\/www.siberguvenlikzirvesi.org.tr\/2021\/oturumlar\/oturum-2-yeni-normalde-siber-guvenlik-riskleri\">Oturum-2: Yeni Normalde Siber G\u00fcvenlik Riskleri<\/a><\/li>\n<li><a href=\"https:\/\/www.siberguvenlikzirvesi.org.tr\/2021\/oturumlar\/oturum-3-kuantum-sonrasi-dijital-guvenlik\">Oturum-3: Kuantum Sonras\u0131 Dijital G\u00fcvenlik<\/a><\/li>\n<li><a href=\"https:\/\/www.siberguvenlikzirvesi.org.tr\/2021\/oturumlar\/oturum-4-kuantum-sonrasi-dijital-guvenlik\">Oturum-4: Kuantum Sonras\u0131 Dijital G\u00fcvenlik<\/a><\/li>\n<li><a href=\"https:\/\/www.siberguvenlikzirvesi.org.tr\/2021\/oturumlar\/oturum-5-dijital-oyunlar-siber-guvenlikte-bir-acik-midir\">Oturum-5: Dijital Oyunlar Siber G\u00fcvenlikte Bir A\u00e7\u0131k m\u0131d\u0131r?<\/a><\/li>\n<\/ul>\n","protected":false},"excerpt":{"rendered":"<p>Oturum-1: \u0130nsan Odakl\u0131 Siber G\u00fcvenlik Stratejileri Oturum-2: Yeni Normalde Siber G\u00fcvenlik Riskleri Oturum-3: Kuantum Sonras\u0131 Dijital G\u00fcvenlik Oturum-4: Kuantum Sonras\u0131 Dijital G\u00fcvenlik Oturum-5: Dijital Oyunlar Siber<span class=\"excerpt-hellip\"> [\u2026]<\/span><\/p>\n","protected":false},"author":1,"featured_media":0,"parent":0,"menu_order":0,"comment_status":"closed","ping_status":"closed","template":"","meta":{"rs_blank_template":"","rs_page_bg_color":"","slide_template_v7":"","footnotes":""},"class_list":["post-455","page","type-page","status-publish","hentry"],"_links":{"self":[{"href":"https:\/\/www.siberguvenlikzirvesi.org.tr\/2021\/wp-json\/wp\/v2\/pages\/455","targetHints":{"allow":["GET"]}}],"collection":[{"href":"https:\/\/www.siberguvenlikzirvesi.org.tr\/2021\/wp-json\/wp\/v2\/pages"}],"about":[{"href":"https:\/\/www.siberguvenlikzirvesi.org.tr\/2021\/wp-json\/wp\/v2\/types\/page"}],"author":[{"embeddable":true,"href":"https:\/\/www.siberguvenlikzirvesi.org.tr\/2021\/wp-json\/wp\/v2\/users\/1"}],"replies":[{"embeddable":true,"href":"https:\/\/www.siberguvenlikzirvesi.org.tr\/2021\/wp-json\/wp\/v2\/comments?post=455"}],"version-history":[{"count":3,"href":"https:\/\/www.siberguvenlikzirvesi.org.tr\/2021\/wp-json\/wp\/v2\/pages\/455\/revisions"}],"predecessor-version":[{"id":473,"href":"https:\/\/www.siberguvenlikzirvesi.org.tr\/2021\/wp-json\/wp\/v2\/pages\/455\/revisions\/473"}],"wp:attachment":[{"href":"https:\/\/www.siberguvenlikzirvesi.org.tr\/2021\/wp-json\/wp\/v2\/media?parent=455"}],"curies":[{"name":"wp","href":"https:\/\/api.w.org\/{rel}","templated":true}]}}