{"id":457,"date":"2021-01-11T12:25:45","date_gmt":"2021-01-11T09:25:45","guid":{"rendered":"https:\/\/www.siberguvenlikzirvesi.org.tr\/2021\/?page_id=457"},"modified":"2021-02-17T23:49:48","modified_gmt":"2021-02-17T20:49:48","slug":"oturum-5-sosyal-medya-ve-dijital-oyunlar-siber-guvenlikte-bir-acik-midir","status":"publish","type":"page","link":"https:\/\/www.siberguvenlikzirvesi.org.tr\/2021\/oturumlar\/oturum-5-sosyal-medya-ve-dijital-oyunlar-siber-guvenlikte-bir-acik-midir","title":{"rendered":"Oturum-5: Sosyal Medya ve Dijital Oyunlar Siber G\u00fcvenlikte Bir A\u00e7\u0131k m\u0131d\u0131r?"},"content":{"rendered":"<h3><strong><img loading=\"lazy\" decoding=\"async\" class=\"aligncenter size-full wp-image-661\" src=\"https:\/\/www.siberguvenlikzirvesi.org.tr\/2021\/wp-content\/uploads\/2021\/02\/oturum-5-yeni.jpg\" alt=\"\" width=\"1200\" height=\"665\" srcset=\"https:\/\/www.siberguvenlikzirvesi.org.tr\/2021\/wp-content\/uploads\/2021\/02\/oturum-5-yeni.jpg 1200w, https:\/\/www.siberguvenlikzirvesi.org.tr\/2021\/wp-content\/uploads\/2021\/02\/oturum-5-yeni-300x166.jpg 300w, https:\/\/www.siberguvenlikzirvesi.org.tr\/2021\/wp-content\/uploads\/2021\/02\/oturum-5-yeni-1024x567.jpg 1024w, https:\/\/www.siberguvenlikzirvesi.org.tr\/2021\/wp-content\/uploads\/2021\/02\/oturum-5-yeni-768x426.jpg 768w, https:\/\/www.siberguvenlikzirvesi.org.tr\/2021\/wp-content\/uploads\/2021\/02\/oturum-5-yeni-260x144.jpg 260w, https:\/\/www.siberguvenlikzirvesi.org.tr\/2021\/wp-content\/uploads\/2021\/02\/oturum-5-yeni-50x28.jpg 50w, https:\/\/www.siberguvenlikzirvesi.org.tr\/2021\/wp-content\/uploads\/2021\/02\/oturum-5-yeni-135x75.jpg 135w\" sizes=\"auto, (max-width:767px) 480px, (max-width:1200px) 100vw, 1200px\" \/>OTURUM-5: SOSYAL MEDYA ve D\u0130J\u0130TAL OYUNLAR S\u0130BER G\u00dcVENL\u0130KTE B\u0130R A\u00c7IK MIDIR?<\/strong><\/h3>\n<p>\u0130nternet ve dijital \u00e7a\u011f hayat\u0131m\u0131z\u0131 her y\u00f6n\u00fcyle ve k\u00f6kl\u00fc bir \u015fekilde d\u00f6n\u00fc\u015ft\u00fcr\u00fcrken oyun ve oyun oynama al\u0131\u015fkanl\u0131klar\u0131m\u0131zda da ciddi de\u011fi\u015fikliklere neden olmu\u015ftur. \u00c7ok de\u011fil bundan 15, 20 y\u0131l \u00f6ncesine kadar sokaklarda oynanan oyunlar\u0131n yerini bug\u00fcn telefonda, bilgisayarda, tablette ve internette oynanan dijital oyunlar alm\u0131\u015ft\u0131r.<\/p>\n<p>Sosyal ve teknolojik alanlarda \u00e7e\u015fitli riskler i\u00e7erebilen s\u00f6z konusu dijital oyunlar, \u00e7ocuklardan yeti\u015fkinlere kadar her ya\u015ftan insan\u0131n ilgisini \u00e7ekmektedir.<\/p>\n<p>Di\u011fer taraftan i\u015f ve sosyal hayat\u0131m\u0131z\u0131n vazge\u00e7ilmezi haline gelen Google, Facebook, Twitter, YouTube, Instagram, gibi etkile\u015fimli Sosyal Medya platformlar\u0131 ve\/veya WhatsApp, Telegram, Signal, Bip gibi anl\u0131k ileti uygulamalar\u0131 t\u00fcketici al\u0131\u015fkanl\u0131klar\u0131 ve tercihleri ile de\u011fi\u015fen kullan\u0131c\u0131 e\u011filimleri hakk\u0131nda bilgi toplamak amac\u0131yla da kullan\u0131lmaya ba\u015flanm\u0131\u015ft\u0131r.<\/p>\n<p>Bu oturumda sosyal medya ve dijital oyunlar\u0131n siber g\u00fcvenli\u011fe olan etkisi ve bar\u0131nd\u0131rm\u0131\u015f olduklar\u0131 olas\u0131 riskleri minimize edebilecek bilin\u00e7li ve denetimli kullan\u0131m al\u0131\u015fkanl\u0131klar\u0131n\u0131n nas\u0131l olmas\u0131 gerekti\u011fine y\u00f6nelik yap\u0131lmas\u0131 gerekenler ile toplumun t\u00fcm katmanlar\u0131nda insan odakl\u0131 olarak siber g\u00fcvenilir kullan\u0131c\u0131lar yeti\u015ftirilmesine y\u00f6nelik ortak ak\u0131l olu\u015fturulmas\u0131 amac\u0131yla tart\u0131\u015f\u0131lacakt\u0131r.<\/p>\n","protected":false},"excerpt":{"rendered":"<p>OTURUM-5: SOSYAL MEDYA ve D\u0130J\u0130TAL OYUNLAR S\u0130BER G\u00dcVENL\u0130KTE B\u0130R A\u00c7IK MIDIR? \u0130nternet ve dijital \u00e7a\u011f hayat\u0131m\u0131z\u0131 her y\u00f6n\u00fcyle ve k\u00f6kl\u00fc bir \u015fekilde d\u00f6n\u00fc\u015ft\u00fcr\u00fcrken oyun ve oyun<span class=\"excerpt-hellip\"> [\u2026]<\/span><\/p>\n","protected":false},"author":1,"featured_media":661,"parent":455,"menu_order":0,"comment_status":"closed","ping_status":"closed","template":"","meta":{"rs_blank_template":"","rs_page_bg_color":"","slide_template_v7":"","footnotes":""},"class_list":["post-457","page","type-page","status-publish","has-post-thumbnail","hentry"],"_links":{"self":[{"href":"https:\/\/www.siberguvenlikzirvesi.org.tr\/2021\/wp-json\/wp\/v2\/pages\/457","targetHints":{"allow":["GET"]}}],"collection":[{"href":"https:\/\/www.siberguvenlikzirvesi.org.tr\/2021\/wp-json\/wp\/v2\/pages"}],"about":[{"href":"https:\/\/www.siberguvenlikzirvesi.org.tr\/2021\/wp-json\/wp\/v2\/types\/page"}],"author":[{"embeddable":true,"href":"https:\/\/www.siberguvenlikzirvesi.org.tr\/2021\/wp-json\/wp\/v2\/users\/1"}],"replies":[{"embeddable":true,"href":"https:\/\/www.siberguvenlikzirvesi.org.tr\/2021\/wp-json\/wp\/v2\/comments?post=457"}],"version-history":[{"count":6,"href":"https:\/\/www.siberguvenlikzirvesi.org.tr\/2021\/wp-json\/wp\/v2\/pages\/457\/revisions"}],"predecessor-version":[{"id":662,"href":"https:\/\/www.siberguvenlikzirvesi.org.tr\/2021\/wp-json\/wp\/v2\/pages\/457\/revisions\/662"}],"up":[{"embeddable":true,"href":"https:\/\/www.siberguvenlikzirvesi.org.tr\/2021\/wp-json\/wp\/v2\/pages\/455"}],"wp:featuredmedia":[{"embeddable":true,"href":"https:\/\/www.siberguvenlikzirvesi.org.tr\/2021\/wp-json\/wp\/v2\/media\/661"}],"wp:attachment":[{"href":"https:\/\/www.siberguvenlikzirvesi.org.tr\/2021\/wp-json\/wp\/v2\/media?parent=457"}],"curies":[{"name":"wp","href":"https:\/\/api.w.org\/{rel}","templated":true}]}}