{"id":459,"date":"2021-01-11T12:26:20","date_gmt":"2021-01-11T09:26:20","guid":{"rendered":"https:\/\/www.siberguvenlikzirvesi.org.tr\/2021\/?page_id=459"},"modified":"2021-01-21T14:49:56","modified_gmt":"2021-01-21T11:49:56","slug":"oturum-4-kuantum-sonrasi-dijital-guvenlik","status":"publish","type":"page","link":"https:\/\/www.siberguvenlikzirvesi.org.tr\/2021\/oturumlar\/oturum-4-kuantum-sonrasi-dijital-guvenlik","title":{"rendered":"Oturum-4: Kuantum Sonras\u0131 Dijital G\u00fcvenlik"},"content":{"rendered":"<h3><strong><img loading=\"lazy\" decoding=\"async\" class=\"aligncenter wp-image-573 size-full\" src=\"https:\/\/www.siberguvenlikzirvesi.org.tr\/2021\/wp-content\/uploads\/2021\/01\/oturum-4.jpg\" alt=\"\" width=\"1200\" height=\"665\" srcset=\"https:\/\/www.siberguvenlikzirvesi.org.tr\/2021\/wp-content\/uploads\/2021\/01\/oturum-4.jpg 1200w, https:\/\/www.siberguvenlikzirvesi.org.tr\/2021\/wp-content\/uploads\/2021\/01\/oturum-4-300x166.jpg 300w, https:\/\/www.siberguvenlikzirvesi.org.tr\/2021\/wp-content\/uploads\/2021\/01\/oturum-4-1024x567.jpg 1024w, https:\/\/www.siberguvenlikzirvesi.org.tr\/2021\/wp-content\/uploads\/2021\/01\/oturum-4-768x426.jpg 768w, https:\/\/www.siberguvenlikzirvesi.org.tr\/2021\/wp-content\/uploads\/2021\/01\/oturum-4-260x144.jpg 260w, https:\/\/www.siberguvenlikzirvesi.org.tr\/2021\/wp-content\/uploads\/2021\/01\/oturum-4-50x28.jpg 50w, https:\/\/www.siberguvenlikzirvesi.org.tr\/2021\/wp-content\/uploads\/2021\/01\/oturum-4-135x75.jpg 135w\" sizes=\"auto, (max-width:767px) 480px, (max-width:1200px) 100vw, 1200px\" \/>OTURUM-4: KUANTUM SONRASI D\u0130J\u0130TAL G\u00dcVENL\u0130K<\/strong><\/h3>\n<p>Dijital teknolojilerin h\u0131zla geli\u015fimi, siber g\u00fcvenlik kavram ve yakla\u015f\u0131mlar\u0131n\u0131 k\u00f6kten de\u011fi\u015ftirmektedir. \u00d6zellikle makine \u00f6\u011fretisi ve derin \u00f6\u011frenme gibi yapay zeka teknolojilerinin hem siber sald\u0131r\u0131 hem de siber savunma amac\u0131yla kullan\u0131lmas\u0131 baz\u0131 \u00f6nemli avantajlar sa\u011flamaktad\u0131r. Yapay zeka teknolojileri a\u011f \u00fczerinde olu\u015fan anomalilerin kolayca saptanmas\u0131 ve\/veya toplanan siber istihbarat\u0131n h\u0131zla analiz edilmesi sonucunda proaktif siber g\u00fcvenlik \u00f6nlemlerinin al\u0131nmas\u0131nda yayg\u0131n ve maliyet etkin olarak kullan\u0131lmaktad\u0131r. Di\u011fer taraftan yapay zeka teknolojileri port tarama ve zaafiyet bulma noktas\u0131nda siber sald\u0131rganlar taraf\u0131ndan da etkin olarak kullan\u0131lmaktad\u0131r. Bu oturumda yapay zeka teknolojilerinin siber g\u00fcvenli\u011fe ve i\u015f s\u00fcreklili\u011fi planlamas\u0131na olan etkisi hem sald\u0131r\u0131 hemde savunma profilleri baz al\u0131narak \u00e7ok boyutlu olarak tart\u0131\u015f\u0131lacak ve \u00fclkemizde siber dayan\u0131kl\u0131l\u0131\u011f\u0131n toplumun t\u00fcm katmanlar\u0131nda artt\u0131r\u0131lmas\u0131na y\u00f6nelik yap\u0131lmas\u0131 gerekenler ortak ak\u0131l olu\u015fturulmas\u0131 amac\u0131yla tart\u0131\u015f\u0131lacakt\u0131r.<\/p>\n","protected":false},"excerpt":{"rendered":"<p>OTURUM-4: KUANTUM SONRASI D\u0130J\u0130TAL G\u00dcVENL\u0130K Dijital teknolojilerin h\u0131zla geli\u015fimi, siber g\u00fcvenlik kavram ve yakla\u015f\u0131mlar\u0131n\u0131 k\u00f6kten de\u011fi\u015ftirmektedir. \u00d6zellikle makine \u00f6\u011fretisi ve derin \u00f6\u011frenme gibi yapay zeka teknolojilerinin<span class=\"excerpt-hellip\"> [\u2026]<\/span><\/p>\n","protected":false},"author":1,"featured_media":573,"parent":455,"menu_order":0,"comment_status":"closed","ping_status":"closed","template":"","meta":{"rs_blank_template":"","rs_page_bg_color":"","slide_template_v7":"","footnotes":""},"class_list":["post-459","page","type-page","status-publish","has-post-thumbnail","hentry"],"_links":{"self":[{"href":"https:\/\/www.siberguvenlikzirvesi.org.tr\/2021\/wp-json\/wp\/v2\/pages\/459","targetHints":{"allow":["GET"]}}],"collection":[{"href":"https:\/\/www.siberguvenlikzirvesi.org.tr\/2021\/wp-json\/wp\/v2\/pages"}],"about":[{"href":"https:\/\/www.siberguvenlikzirvesi.org.tr\/2021\/wp-json\/wp\/v2\/types\/page"}],"author":[{"embeddable":true,"href":"https:\/\/www.siberguvenlikzirvesi.org.tr\/2021\/wp-json\/wp\/v2\/users\/1"}],"replies":[{"embeddable":true,"href":"https:\/\/www.siberguvenlikzirvesi.org.tr\/2021\/wp-json\/wp\/v2\/comments?post=459"}],"version-history":[{"count":4,"href":"https:\/\/www.siberguvenlikzirvesi.org.tr\/2021\/wp-json\/wp\/v2\/pages\/459\/revisions"}],"predecessor-version":[{"id":574,"href":"https:\/\/www.siberguvenlikzirvesi.org.tr\/2021\/wp-json\/wp\/v2\/pages\/459\/revisions\/574"}],"up":[{"embeddable":true,"href":"https:\/\/www.siberguvenlikzirvesi.org.tr\/2021\/wp-json\/wp\/v2\/pages\/455"}],"wp:featuredmedia":[{"embeddable":true,"href":"https:\/\/www.siberguvenlikzirvesi.org.tr\/2021\/wp-json\/wp\/v2\/media\/573"}],"wp:attachment":[{"href":"https:\/\/www.siberguvenlikzirvesi.org.tr\/2021\/wp-json\/wp\/v2\/media?parent=459"}],"curies":[{"name":"wp","href":"https:\/\/api.w.org\/{rel}","templated":true}]}}