{"id":461,"date":"2021-01-11T12:26:50","date_gmt":"2021-01-11T09:26:50","guid":{"rendered":"https:\/\/www.siberguvenlikzirvesi.org.tr\/2021\/?page_id=461"},"modified":"2021-01-26T13:44:02","modified_gmt":"2021-01-26T10:44:02","slug":"oturum-3-yapay-zeka-destekli-siber-dayaniklilik","status":"publish","type":"page","link":"https:\/\/www.siberguvenlikzirvesi.org.tr\/2021\/oturumlar\/oturum-3-yapay-zeka-destekli-siber-dayaniklilik","title":{"rendered":"Oturum-3: Yapay Zeka Destekli Siber Dayan\u0131kl\u0131l\u0131k"},"content":{"rendered":"<h3><strong><img loading=\"lazy\" decoding=\"async\" class=\"aligncenter wp-image-571 size-full\" src=\"https:\/\/www.siberguvenlikzirvesi.org.tr\/2021\/wp-content\/uploads\/2021\/01\/oturum-3.jpg\" alt=\"\" width=\"1200\" height=\"665\" srcset=\"https:\/\/www.siberguvenlikzirvesi.org.tr\/2021\/wp-content\/uploads\/2021\/01\/oturum-3.jpg 1200w, https:\/\/www.siberguvenlikzirvesi.org.tr\/2021\/wp-content\/uploads\/2021\/01\/oturum-3-300x166.jpg 300w, https:\/\/www.siberguvenlikzirvesi.org.tr\/2021\/wp-content\/uploads\/2021\/01\/oturum-3-1024x567.jpg 1024w, https:\/\/www.siberguvenlikzirvesi.org.tr\/2021\/wp-content\/uploads\/2021\/01\/oturum-3-768x426.jpg 768w, https:\/\/www.siberguvenlikzirvesi.org.tr\/2021\/wp-content\/uploads\/2021\/01\/oturum-3-260x144.jpg 260w, https:\/\/www.siberguvenlikzirvesi.org.tr\/2021\/wp-content\/uploads\/2021\/01\/oturum-3-50x28.jpg 50w, https:\/\/www.siberguvenlikzirvesi.org.tr\/2021\/wp-content\/uploads\/2021\/01\/oturum-3-135x75.jpg 135w\" sizes=\"auto, (max-width:767px) 480px, (max-width:1200px) 100vw, 1200px\" \/>OTURUM-3: YAPAY ZEKA DESTEKL\u0130 S\u0130BER DAYANIKLILIK<\/strong><\/h3>\n<p>Dijital teknolojilerin ba\u015f d\u00f6nd\u00fcr\u00fcc\u00fc bir h\u0131zla geli\u015fimi, ekonomik ve sosyal hayat\u0131n yan\u0131nda g\u00fcvenlik tan\u0131m ve kavramlar\u0131n\u0131 da k\u00f6kten de\u011fi\u015ftirmektedir. \u00c7a\u011f\u0131m\u0131z\u0131n petrol\u00fc olarak da tan\u0131mlanan verinin g\u00fcvenli\u011fi, dijital g\u00fcvenlik kavram\u0131 i\u00e7inde \u00f6n plana \u00e7\u0131kmaktad\u0131r. Kuantum hesaplama sonras\u0131nda, klasik bilgisayarlar taraf\u0131ndan \u00e7ok uzun s\u00fcrelerde \u00e7\u00f6z\u00fclebilen baz\u0131 problemlerin 1000 qbit ve\/veya \u00fczeri kuantum bilgisayarlar ile \u00e7ok k\u0131sa s\u00fcrelerde \u00e7\u00f6z\u00fclebilece\u011fi kan\u0131tlanm\u0131\u015ft\u0131r. Kuantum hesaplama sonras\u0131 siber g\u00fcvenli\u011fin en \u00f6nemli bile\u015feni olan kriptografi alan\u0131nda \u00f6zellikle anahtar de\u011fi\u015fimi, kimlik do\u011frulama ve say\u0131sal imza protokollerinde ciddi geli\u015fmeler ya\u015fanmakta ve 2030 y\u0131l\u0131na y\u00f6nelik planlamalar yap\u0131lmaktad\u0131r. Bu oturumda kuantum bilgisayarlar ve bunlar\u0131n siber g\u00fcvenli\u011fe etkileri \u00e7ok boyutlu olarak tart\u0131\u015f\u0131lacak ve \u00fclkemizde yap\u0131lmas\u0131 gereken \u00f6n haz\u0131rl\u0131k \u00e7al\u0131\u015fmalar\u0131n\u0131n planlanmas\u0131na ve eylem planlar\u0131n\u0131n haz\u0131rlanmas\u0131na y\u00f6nelik olarak ortak ak\u0131l olu\u015fturulmas\u0131 amac\u0131yla tart\u0131\u015f\u0131lacakt\u0131r.<\/p>\n","protected":false},"excerpt":{"rendered":"<p>OTURUM-3: YAPAY ZEKA DESTEKL\u0130 S\u0130BER DAYANIKLILIK Dijital teknolojilerin ba\u015f d\u00f6nd\u00fcr\u00fcc\u00fc bir h\u0131zla geli\u015fimi, ekonomik ve sosyal hayat\u0131n yan\u0131nda g\u00fcvenlik tan\u0131m ve kavramlar\u0131n\u0131 da k\u00f6kten de\u011fi\u015ftirmektedir. \u00c7a\u011f\u0131m\u0131z\u0131n<span class=\"excerpt-hellip\"> [\u2026]<\/span><\/p>\n","protected":false},"author":1,"featured_media":0,"parent":455,"menu_order":0,"comment_status":"closed","ping_status":"closed","template":"","meta":{"rs_blank_template":"","rs_page_bg_color":"","slide_template_v7":"","footnotes":""},"class_list":["post-461","page","type-page","status-publish","hentry"],"_links":{"self":[{"href":"https:\/\/www.siberguvenlikzirvesi.org.tr\/2021\/wp-json\/wp\/v2\/pages\/461","targetHints":{"allow":["GET"]}}],"collection":[{"href":"https:\/\/www.siberguvenlikzirvesi.org.tr\/2021\/wp-json\/wp\/v2\/pages"}],"about":[{"href":"https:\/\/www.siberguvenlikzirvesi.org.tr\/2021\/wp-json\/wp\/v2\/types\/page"}],"author":[{"embeddable":true,"href":"https:\/\/www.siberguvenlikzirvesi.org.tr\/2021\/wp-json\/wp\/v2\/users\/1"}],"replies":[{"embeddable":true,"href":"https:\/\/www.siberguvenlikzirvesi.org.tr\/2021\/wp-json\/wp\/v2\/comments?post=461"}],"version-history":[{"count":6,"href":"https:\/\/www.siberguvenlikzirvesi.org.tr\/2021\/wp-json\/wp\/v2\/pages\/461\/revisions"}],"predecessor-version":[{"id":596,"href":"https:\/\/www.siberguvenlikzirvesi.org.tr\/2021\/wp-json\/wp\/v2\/pages\/461\/revisions\/596"}],"up":[{"embeddable":true,"href":"https:\/\/www.siberguvenlikzirvesi.org.tr\/2021\/wp-json\/wp\/v2\/pages\/455"}],"wp:attachment":[{"href":"https:\/\/www.siberguvenlikzirvesi.org.tr\/2021\/wp-json\/wp\/v2\/media?parent=461"}],"curies":[{"name":"wp","href":"https:\/\/api.w.org\/{rel}","templated":true}]}}