{"id":463,"date":"2021-01-11T12:34:39","date_gmt":"2021-01-11T09:34:39","guid":{"rendered":"https:\/\/www.siberguvenlikzirvesi.org.tr\/2021\/?page_id=463"},"modified":"2021-01-21T14:46:26","modified_gmt":"2021-01-21T11:46:26","slug":"oturum-2-yeni-normalde-siber-guvenlik-riskleri","status":"publish","type":"page","link":"https:\/\/www.siberguvenlikzirvesi.org.tr\/2021\/oturumlar\/oturum-2-yeni-normalde-siber-guvenlik-riskleri","title":{"rendered":"Oturum-2: Yeni Normalde Siber G\u00fcvenlik Riskleri"},"content":{"rendered":"<p><img loading=\"lazy\" decoding=\"async\" class=\"aligncenter wp-image-567 size-full\" src=\"https:\/\/www.siberguvenlikzirvesi.org.tr\/2021\/wp-content\/uploads\/2021\/01\/oturum-2.jpg\" alt=\"\" width=\"1200\" height=\"665\" srcset=\"https:\/\/www.siberguvenlikzirvesi.org.tr\/2021\/wp-content\/uploads\/2021\/01\/oturum-2.jpg 1200w, https:\/\/www.siberguvenlikzirvesi.org.tr\/2021\/wp-content\/uploads\/2021\/01\/oturum-2-300x166.jpg 300w, https:\/\/www.siberguvenlikzirvesi.org.tr\/2021\/wp-content\/uploads\/2021\/01\/oturum-2-1024x567.jpg 1024w, https:\/\/www.siberguvenlikzirvesi.org.tr\/2021\/wp-content\/uploads\/2021\/01\/oturum-2-768x426.jpg 768w, https:\/\/www.siberguvenlikzirvesi.org.tr\/2021\/wp-content\/uploads\/2021\/01\/oturum-2-260x144.jpg 260w, https:\/\/www.siberguvenlikzirvesi.org.tr\/2021\/wp-content\/uploads\/2021\/01\/oturum-2-50x28.jpg 50w, https:\/\/www.siberguvenlikzirvesi.org.tr\/2021\/wp-content\/uploads\/2021\/01\/oturum-2-135x75.jpg 135w\" sizes=\"auto, (max-width:767px) 480px, (max-width:1200px) 100vw, 1200px\" \/><\/p>\n<h3><strong>OTURUM-2: YEN\u0130 NORMALDE S\u0130BER G\u00dcVENL\u0130K R\u0130SKLER\u0130<\/strong><\/h3>\n<p>Pandemi ile yayg\u0131nla\u015fan uzaktan e\u011fitim ve evden \u00e7al\u0131\u015fmalarda siber sald\u0131r\u0131lara kar\u015f\u0131 korunmas\u0131 gereken s\u00fcre\u00e7ler \u00f6n plana \u00e7\u0131kmakta ayr\u0131ca yeni riskler de yarat\u0131lmaktad\u0131r. Uzaktan \u00e7al\u0131\u015fan personele ve cihazlar\u0131na olan tehditler, kurum i\u00e7i sistemler ve kurum i\u00e7i \u00e7al\u0131\u015fanlara oranla daha y\u00fcksek riskler ta\u015f\u0131maktad\u0131r. Siber g\u00fcvenlikte a\u00e7\u0131kl\u0131k analizi ve olas\u0131 risklerin do\u011fru olarak belirlenmesi uygulanacak tedbirlerin olu\u015fturulmas\u0131nda ve siber dayan\u0131kl\u0131l\u0131\u011f\u0131n artt\u0131r\u0131lmas\u0131nda \u00e7ok \u00f6nemli bir yer te\u015fkil etmektedir. Yeni normalde uzaktan \u00e7al\u0131\u015fma, bulut kullan\u0131m\u0131 ve benzeri uygulamalar\u0131n yarataca\u011f\u0131 ek risklerin g\u00f6z \u00f6n\u00fcnde bulundurulmas\u0131 \u00f6nemli kazan\u0131mlar sa\u011flayacakt\u0131r. Bu oturumda \u00fclkemizin \u00f6nde gelen uzmanlar\u0131 hem T.C. Cumhurba\u015fkanl\u0131\u011f\u0131 Dijital D\u00f6n\u00fc\u015f\u00fcm Ofisi taraf\u0131ndan yay\u0131nlanan Bilgi ve \u0130leti\u015fim G\u00fcvenli\u011fi Rehberi hemde k\u00fcresel e\u011filimleri g\u00f6z \u00f6n\u00fcnde bulundurarak yeni normalde siber g\u00fcvenlik risklerinin belirlenmesini \u00e7ok boyutlu olarak tart\u0131\u015facak ve bu konuda yol haritas\u0131 \u00e7\u0131kart\u0131lmas\u0131na katk\u0131 sa\u011flayacaklard\u0131r.<\/p>\n","protected":false},"excerpt":{"rendered":"<p>OTURUM-2: YEN\u0130 NORMALDE S\u0130BER G\u00dcVENL\u0130K R\u0130SKLER\u0130 Pandemi ile yayg\u0131nla\u015fan uzaktan e\u011fitim ve evden \u00e7al\u0131\u015fmalarda siber sald\u0131r\u0131lara kar\u015f\u0131 korunmas\u0131 gereken s\u00fcre\u00e7ler \u00f6n plana \u00e7\u0131kmakta ayr\u0131ca yeni riskler<span class=\"excerpt-hellip\"> [\u2026]<\/span><\/p>\n","protected":false},"author":1,"featured_media":567,"parent":455,"menu_order":0,"comment_status":"closed","ping_status":"closed","template":"","meta":{"rs_blank_template":"","rs_page_bg_color":"","slide_template_v7":"","footnotes":""},"class_list":["post-463","page","type-page","status-publish","has-post-thumbnail","hentry"],"_links":{"self":[{"href":"https:\/\/www.siberguvenlikzirvesi.org.tr\/2021\/wp-json\/wp\/v2\/pages\/463","targetHints":{"allow":["GET"]}}],"collection":[{"href":"https:\/\/www.siberguvenlikzirvesi.org.tr\/2021\/wp-json\/wp\/v2\/pages"}],"about":[{"href":"https:\/\/www.siberguvenlikzirvesi.org.tr\/2021\/wp-json\/wp\/v2\/types\/page"}],"author":[{"embeddable":true,"href":"https:\/\/www.siberguvenlikzirvesi.org.tr\/2021\/wp-json\/wp\/v2\/users\/1"}],"replies":[{"embeddable":true,"href":"https:\/\/www.siberguvenlikzirvesi.org.tr\/2021\/wp-json\/wp\/v2\/comments?post=463"}],"version-history":[{"count":5,"href":"https:\/\/www.siberguvenlikzirvesi.org.tr\/2021\/wp-json\/wp\/v2\/pages\/463\/revisions"}],"predecessor-version":[{"id":570,"href":"https:\/\/www.siberguvenlikzirvesi.org.tr\/2021\/wp-json\/wp\/v2\/pages\/463\/revisions\/570"}],"up":[{"embeddable":true,"href":"https:\/\/www.siberguvenlikzirvesi.org.tr\/2021\/wp-json\/wp\/v2\/pages\/455"}],"wp:featuredmedia":[{"embeddable":true,"href":"https:\/\/www.siberguvenlikzirvesi.org.tr\/2021\/wp-json\/wp\/v2\/media\/567"}],"wp:attachment":[{"href":"https:\/\/www.siberguvenlikzirvesi.org.tr\/2021\/wp-json\/wp\/v2\/media?parent=463"}],"curies":[{"name":"wp","href":"https:\/\/api.w.org\/{rel}","templated":true}]}}