{"id":465,"date":"2021-01-11T12:37:09","date_gmt":"2021-01-11T09:37:09","guid":{"rendered":"https:\/\/www.siberguvenlikzirvesi.org.tr\/2021\/?page_id=465"},"modified":"2021-01-21T14:44:10","modified_gmt":"2021-01-21T11:44:10","slug":"oturum-1-insan-odakli-siber-guvenlik-stratejileri","status":"publish","type":"page","link":"https:\/\/www.siberguvenlikzirvesi.org.tr\/2021\/oturumlar\/oturum-1-insan-odakli-siber-guvenlik-stratejileri","title":{"rendered":"Oturum-1: \u0130nsan Odakl\u0131 Siber G\u00fcvenlik Stratejileri"},"content":{"rendered":"<h3><strong><img loading=\"lazy\" decoding=\"async\" class=\"aligncenter wp-image-565 size-full\" src=\"https:\/\/www.siberguvenlikzirvesi.org.tr\/2021\/wp-content\/uploads\/2021\/01\/oturum-1.jpg\" alt=\"\" width=\"1200\" height=\"665\" srcset=\"https:\/\/www.siberguvenlikzirvesi.org.tr\/2021\/wp-content\/uploads\/2021\/01\/oturum-1.jpg 1200w, https:\/\/www.siberguvenlikzirvesi.org.tr\/2021\/wp-content\/uploads\/2021\/01\/oturum-1-300x166.jpg 300w, https:\/\/www.siberguvenlikzirvesi.org.tr\/2021\/wp-content\/uploads\/2021\/01\/oturum-1-1024x567.jpg 1024w, https:\/\/www.siberguvenlikzirvesi.org.tr\/2021\/wp-content\/uploads\/2021\/01\/oturum-1-768x426.jpg 768w, https:\/\/www.siberguvenlikzirvesi.org.tr\/2021\/wp-content\/uploads\/2021\/01\/oturum-1-260x144.jpg 260w, https:\/\/www.siberguvenlikzirvesi.org.tr\/2021\/wp-content\/uploads\/2021\/01\/oturum-1-50x28.jpg 50w, https:\/\/www.siberguvenlikzirvesi.org.tr\/2021\/wp-content\/uploads\/2021\/01\/oturum-1-135x75.jpg 135w\" sizes=\"auto, (max-width:767px) 480px, (max-width:1200px) 100vw, 1200px\" \/>OTURUM-1: \u0130NSAN ODAKLI S\u0130BER G\u00dcVENL\u0130K STRATEJ\u0130LER\u0130<\/strong><\/h3>\n<p>Son y\u0131llarda Devlet destekli sald\u0131r\u0131lar\u0131n \u00f6zellikle telekom altyap\u0131lar\u0131 olmak \u00fczere kritik altyap\u0131lara y\u00f6neldi\u011fi ve yeni normalde kamu kurumlar\u0131n\u0131n ve evden \u00e7al\u0131\u015fma program\u0131 uygulayan \u015firketlerin her zamankinden daha \u00e7ok siber tehditlerin oda\u011f\u0131nda yer ald\u0131\u011f\u0131 bilinmektedir. Teknoloji ve insan en \u00e7ok siber g\u00fcvenlik alan\u0131nda \u00e7\u00f6z\u00fcm bekleyen zorluklar\u0131 yaratmaktad\u0131r. Bu oturumda 2020-2023 Ulusal Siber G\u00fcvenlik Stratejisi ve Eylem Plan\u0131 ile Bilgi ve \u0130leti\u015fim G\u00fcvenli\u011fi Rehberi uygulamalar\u0131 ba\u015fta olmak \u00fczere dijital d\u00f6n\u00fc\u015f\u00fcm teknolojileri destekli yeni nesil siber g\u00fcvenlik stratejileri, eylem planlar\u0131 ve uygulamalar\u0131 insan odakl\u0131 bir yakla\u015f\u0131m ile ortak ak\u0131l olu\u015fturulmas\u0131 amac\u0131yla tart\u0131\u015f\u0131lacakt\u0131r.<\/p>\n","protected":false},"excerpt":{"rendered":"<p>OTURUM-1: \u0130NSAN ODAKLI S\u0130BER G\u00dcVENL\u0130K STRATEJ\u0130LER\u0130 Son y\u0131llarda Devlet destekli sald\u0131r\u0131lar\u0131n \u00f6zellikle telekom altyap\u0131lar\u0131 olmak \u00fczere kritik altyap\u0131lara y\u00f6neldi\u011fi ve yeni normalde kamu kurumlar\u0131n\u0131n ve evden<span class=\"excerpt-hellip\"> [\u2026]<\/span><\/p>\n","protected":false},"author":1,"featured_media":565,"parent":455,"menu_order":0,"comment_status":"closed","ping_status":"closed","template":"","meta":{"rs_blank_template":"","rs_page_bg_color":"","slide_template_v7":"","footnotes":""},"class_list":["post-465","page","type-page","status-publish","has-post-thumbnail","hentry"],"_links":{"self":[{"href":"https:\/\/www.siberguvenlikzirvesi.org.tr\/2021\/wp-json\/wp\/v2\/pages\/465","targetHints":{"allow":["GET"]}}],"collection":[{"href":"https:\/\/www.siberguvenlikzirvesi.org.tr\/2021\/wp-json\/wp\/v2\/pages"}],"about":[{"href":"https:\/\/www.siberguvenlikzirvesi.org.tr\/2021\/wp-json\/wp\/v2\/types\/page"}],"author":[{"embeddable":true,"href":"https:\/\/www.siberguvenlikzirvesi.org.tr\/2021\/wp-json\/wp\/v2\/users\/1"}],"replies":[{"embeddable":true,"href":"https:\/\/www.siberguvenlikzirvesi.org.tr\/2021\/wp-json\/wp\/v2\/comments?post=465"}],"version-history":[{"count":4,"href":"https:\/\/www.siberguvenlikzirvesi.org.tr\/2021\/wp-json\/wp\/v2\/pages\/465\/revisions"}],"predecessor-version":[{"id":566,"href":"https:\/\/www.siberguvenlikzirvesi.org.tr\/2021\/wp-json\/wp\/v2\/pages\/465\/revisions\/566"}],"up":[{"embeddable":true,"href":"https:\/\/www.siberguvenlikzirvesi.org.tr\/2021\/wp-json\/wp\/v2\/pages\/455"}],"wp:featuredmedia":[{"embeddable":true,"href":"https:\/\/www.siberguvenlikzirvesi.org.tr\/2021\/wp-json\/wp\/v2\/media\/565"}],"wp:attachment":[{"href":"https:\/\/www.siberguvenlikzirvesi.org.tr\/2021\/wp-json\/wp\/v2\/media?parent=465"}],"curies":[{"name":"wp","href":"https:\/\/api.w.org\/{rel}","templated":true}]}}