{"id":480,"date":"2021-01-11T18:11:34","date_gmt":"2021-01-11T15:11:34","guid":{"rendered":"https:\/\/www.siberguvenlikzirvesi.org.tr\/2021\/?page_id=480"},"modified":"2021-01-22T16:54:56","modified_gmt":"2021-01-22T13:54:56","slug":"egitimler","status":"publish","type":"page","link":"https:\/\/www.siberguvenlikzirvesi.org.tr\/2021\/egitimler","title":{"rendered":"E\u011fitimler"},"content":{"rendered":"<ul>\n<li><a href=\"https:\/\/www.siberguvenlikzirvesi.org.tr\/2021\/egitimler\/siber-guvenilir-kullanici\">Siber G\u00fcvenilir Kullan\u0131c\u0131<\/a><\/li>\n<li><a href=\"https:\/\/www.siberguvenlikzirvesi.org.tr\/2021\/egitimler\/bilgi-guvenligi-yonetim-sistemi-27001-bilgi-guvenligi-farkindaligi\">Bilgi G\u00fcvenli\u011fi Y\u00f6netim Sistemi (27001) Bilgi G\u00fcvenli\u011fi Fark\u0131ndal\u0131\u011f\u0131<\/a><\/li>\n<li><a href=\"https:\/\/www.siberguvenlikzirvesi.org.tr\/2021\/egitimler\/bulut-bilisim-ve-guvenligi\">Bulut Bili\u015fim ve G\u00fcvenli\u011fi<\/a><\/li>\n<li><a href=\"https:\/\/www.siberguvenlikzirvesi.org.tr\/2021\/egitimler\/kisisel-verileri-koruma-kvkk-ve-gdpr\">Ki\u015fisel Verileri Koruma (KVKK ve GDPR)<\/a><\/li>\n<li><a href=\"https:\/\/www.siberguvenlikzirvesi.org.tr\/2021\/egitimler\/isletim-sistemi-guvenligi\">\u0130\u015fletim Sistemi G\u00fcvenli\u011fi<\/a><\/li>\n<\/ul>\n","protected":false},"excerpt":{"rendered":"<p>Siber G\u00fcvenilir Kullan\u0131c\u0131 Bilgi G\u00fcvenli\u011fi Y\u00f6netim Sistemi (27001) Bilgi G\u00fcvenli\u011fi Fark\u0131ndal\u0131\u011f\u0131 Bulut Bili\u015fim ve G\u00fcvenli\u011fi Ki\u015fisel Verileri Koruma (KVKK ve GDPR) \u0130\u015fletim Sistemi G\u00fcvenli\u011fi<\/p>\n","protected":false},"author":1,"featured_media":0,"parent":0,"menu_order":0,"comment_status":"closed","ping_status":"closed","template":"","meta":{"rs_blank_template":"","rs_page_bg_color":"","slide_template_v7":"","footnotes":""},"class_list":["post-480","page","type-page","status-publish","hentry"],"_links":{"self":[{"href":"https:\/\/www.siberguvenlikzirvesi.org.tr\/2021\/wp-json\/wp\/v2\/pages\/480","targetHints":{"allow":["GET"]}}],"collection":[{"href":"https:\/\/www.siberguvenlikzirvesi.org.tr\/2021\/wp-json\/wp\/v2\/pages"}],"about":[{"href":"https:\/\/www.siberguvenlikzirvesi.org.tr\/2021\/wp-json\/wp\/v2\/types\/page"}],"author":[{"embeddable":true,"href":"https:\/\/www.siberguvenlikzirvesi.org.tr\/2021\/wp-json\/wp\/v2\/users\/1"}],"replies":[{"embeddable":true,"href":"https:\/\/www.siberguvenlikzirvesi.org.tr\/2021\/wp-json\/wp\/v2\/comments?post=480"}],"version-history":[{"count":4,"href":"https:\/\/www.siberguvenlikzirvesi.org.tr\/2021\/wp-json\/wp\/v2\/pages\/480\/revisions"}],"predecessor-version":[{"id":591,"href":"https:\/\/www.siberguvenlikzirvesi.org.tr\/2021\/wp-json\/wp\/v2\/pages\/480\/revisions\/591"}],"wp:attachment":[{"href":"https:\/\/www.siberguvenlikzirvesi.org.tr\/2021\/wp-json\/wp\/v2\/media?parent=480"}],"curies":[{"name":"wp","href":"https:\/\/api.w.org\/{rel}","templated":true}]}}