{"id":484,"date":"2021-01-11T18:14:12","date_gmt":"2021-01-11T15:14:12","guid":{"rendered":"https:\/\/www.siberguvenlikzirvesi.org.tr\/2021\/?page_id=484"},"modified":"2021-01-21T14:53:31","modified_gmt":"2021-01-21T11:53:31","slug":"bilgi-guvenligi-yonetim-sistemi-27001-bilgi-guvenligi-farkindaligi","status":"publish","type":"page","link":"https:\/\/www.siberguvenlikzirvesi.org.tr\/2021\/egitimler\/bilgi-guvenligi-yonetim-sistemi-27001-bilgi-guvenligi-farkindaligi","title":{"rendered":"Bilgi G\u00fcvenli\u011fi Y\u00f6netim Sistemi (27001) Bilgi G\u00fcvenli\u011fi Fark\u0131ndal\u0131\u011f\u0131"},"content":{"rendered":"<h3><strong><img loading=\"lazy\" decoding=\"async\" class=\"aligncenter size-full wp-image-577\" src=\"https:\/\/www.siberguvenlikzirvesi.org.tr\/2021\/wp-content\/uploads\/2021\/01\/egitim-2.jpg\" alt=\"\" width=\"1200\" height=\"665\" srcset=\"https:\/\/www.siberguvenlikzirvesi.org.tr\/2021\/wp-content\/uploads\/2021\/01\/egitim-2.jpg 1200w, https:\/\/www.siberguvenlikzirvesi.org.tr\/2021\/wp-content\/uploads\/2021\/01\/egitim-2-300x166.jpg 300w, https:\/\/www.siberguvenlikzirvesi.org.tr\/2021\/wp-content\/uploads\/2021\/01\/egitim-2-1024x567.jpg 1024w, https:\/\/www.siberguvenlikzirvesi.org.tr\/2021\/wp-content\/uploads\/2021\/01\/egitim-2-768x426.jpg 768w, https:\/\/www.siberguvenlikzirvesi.org.tr\/2021\/wp-content\/uploads\/2021\/01\/egitim-2-260x144.jpg 260w, https:\/\/www.siberguvenlikzirvesi.org.tr\/2021\/wp-content\/uploads\/2021\/01\/egitim-2-50x28.jpg 50w, https:\/\/www.siberguvenlikzirvesi.org.tr\/2021\/wp-content\/uploads\/2021\/01\/egitim-2-135x75.jpg 135w\" sizes=\"auto, (max-width:767px) 480px, (max-width:1200px) 100vw, 1200px\" \/>B\u0130LG\u0130 G\u00dcVENL\u0130\u011e\u0130 Y\u00d6NET\u0130M S\u0130STEM\u0130 (27001) B\u0130LG\u0130 G\u00dcVENL\u0130\u011e\u0130 FARKINDALI\u011eI<\/strong><\/h3>\n<p>Bilgi teknolojilerindeki geli\u015fmelerle birlikte, bilgi g\u00fcvenli\u011finin sa\u011flanmas\u0131na y\u00f6nelik gereksinimler gittik\u00e7e daha karma\u015f\u0131k ve kapsaml\u0131 hale gelmi\u015ftir. S\u0131n\u0131rl\u0131 b\u00fct\u00e7e ve personel kaynaklar\u0131 ile bilgi g\u00fcvenli\u011fi \u00e7al\u0131\u015fmas\u0131 yap\u0131lmas\u0131 i\u00e7in daha sistematik, y\u00f6netsel s\u00fcre\u00e7lerin planlanmas\u0131 ve uygulanmas\u0131 zorunluluk haline gelmi\u015ftir.<\/p>\n<p><strong><u>Bilgi G\u00fcvenli\u011fi:<\/u><\/strong> Bilginin gizlili\u011fi, b\u00fct\u00fcnl\u00fc\u011f\u00fc ve kullan\u0131labilirli\u011finin korunmas\u0131d\u0131r. Ek olarak, do\u011fruluk, a\u00e7\u0131klanabilirdik, ink\u00e2r edememe ve g\u00fcvenilirlik gibi di\u011fer \u00f6zellikleri de kapsar,<\/p>\n<p><strong><u>Bilgi G\u00fcvenli\u011fi Y\u00f6netim Sistemi (BGYS) :<\/u><\/strong> Bilgi g\u00fcvenli\u011fini kurmak, ger\u00e7ekle\u015ftirmek, i\u015fletmek, izlemek, g\u00f6zden ge\u00e7irmek, s\u00fcrd\u00fcrmek ve geli\u015ftirmek i\u00e7in, i\u015f riski yakla\u015f\u0131m\u0131na dayal\u0131 b\u00fct\u00fcnsel y\u00f6netim sistemi yakla\u015f\u0131m\u0131d\u0131r. Y\u00f6netim sistemi, kurumsal yap\u0131y\u0131, politikalar\u0131, planlama faaliyetlerini, sorumluluklar\u0131, uygulamalar\u0131, prosed\u00fcrleri, s\u00fcre\u00e7leri ve kaynaklar\u0131 i\u00e7erir.<\/p>\n<p>ISO 27001 Bilgi G\u00fcvenli\u011fi Y\u00f6netim Sisteminin ne oldu\u011funu ve standard\u0131n gerekliliklerinin nelerden olu\u015ftu\u011funu a\u00e7\u0131klayan, bilgi ve bilgi g\u00fcvenli\u011fi ile ilgili temel kavramlar\u0131n anlat\u0131ld\u0131\u011f\u0131 ve standart hakk\u0131nda genel fark\u0131ndal\u0131k sa\u011flamay\u0131 hedefleyen bir e\u011fitimdir.<\/p>\n<p><strong>S\u00fcresi:<\/strong> 1.5 Saat<\/p>\n<p><strong>E\u011fitmen:<\/strong> Dilek \u015een KARAKAYA, TBD \u0130cra Kurulu \u00dcyesi<\/p>\n<p><strong>E\u011fitim \u0130\u00e7eri\u011fi:<\/strong><\/p>\n<ul>\n<li>Temel Bilgi G\u00fcvenli\u011fi Kavramlar\u0131,<\/li>\n<li>Kurumlara sa\u011flayaca\u011f\u0131 katk\u0131lar<\/li>\n<li>ISO 27001standard\u0131n\u0131n 10 maddesi\n<ol>\n<li>Kapsam<\/li>\n<li>Referanslar<\/li>\n<li>Terimler ve Tarifler<\/li>\n<li>Organizasyonun ba\u011flam\u0131<\/li>\n<li>Liderlik<\/li>\n<li>Planlama<\/li>\n<li>Destek<\/li>\n<li>Operasyon<\/li>\n<li>Performans de\u011ferlendirme<\/li>\n<li>\u0130yile\u015ftirme<\/li>\n<\/ol>\n<\/li>\n<\/ul>\n<p><strong>KATILIM ve KAYIT :<\/strong> <a href=\"https:\/\/attendee.gotowebinar.com\/register\/2817329633815433739\" target=\"_blank\" rel=\"noopener\">https:\/\/attendee.gotowebinar.com\/register\/2817329633815433739<\/a><\/p>\n","protected":false},"excerpt":{"rendered":"<p>B\u0130LG\u0130 G\u00dcVENL\u0130\u011e\u0130 Y\u00d6NET\u0130M S\u0130STEM\u0130 (27001) B\u0130LG\u0130 G\u00dcVENL\u0130\u011e\u0130 FARKINDALI\u011eI Bilgi teknolojilerindeki geli\u015fmelerle birlikte, bilgi g\u00fcvenli\u011finin sa\u011flanmas\u0131na y\u00f6nelik gereksinimler gittik\u00e7e daha karma\u015f\u0131k ve kapsaml\u0131 hale gelmi\u015ftir. S\u0131n\u0131rl\u0131 b\u00fct\u00e7e<span class=\"excerpt-hellip\"> [\u2026]<\/span><\/p>\n","protected":false},"author":1,"featured_media":577,"parent":480,"menu_order":0,"comment_status":"closed","ping_status":"closed","template":"","meta":{"rs_blank_template":"","rs_page_bg_color":"","slide_template_v7":"","footnotes":""},"class_list":["post-484","page","type-page","status-publish","has-post-thumbnail","hentry"],"_links":{"self":[{"href":"https:\/\/www.siberguvenlikzirvesi.org.tr\/2021\/wp-json\/wp\/v2\/pages\/484","targetHints":{"allow":["GET"]}}],"collection":[{"href":"https:\/\/www.siberguvenlikzirvesi.org.tr\/2021\/wp-json\/wp\/v2\/pages"}],"about":[{"href":"https:\/\/www.siberguvenlikzirvesi.org.tr\/2021\/wp-json\/wp\/v2\/types\/page"}],"author":[{"embeddable":true,"href":"https:\/\/www.siberguvenlikzirvesi.org.tr\/2021\/wp-json\/wp\/v2\/users\/1"}],"replies":[{"embeddable":true,"href":"https:\/\/www.siberguvenlikzirvesi.org.tr\/2021\/wp-json\/wp\/v2\/comments?post=484"}],"version-history":[{"count":6,"href":"https:\/\/www.siberguvenlikzirvesi.org.tr\/2021\/wp-json\/wp\/v2\/pages\/484\/revisions"}],"predecessor-version":[{"id":578,"href":"https:\/\/www.siberguvenlikzirvesi.org.tr\/2021\/wp-json\/wp\/v2\/pages\/484\/revisions\/578"}],"up":[{"embeddable":true,"href":"https:\/\/www.siberguvenlikzirvesi.org.tr\/2021\/wp-json\/wp\/v2\/pages\/480"}],"wp:featuredmedia":[{"embeddable":true,"href":"https:\/\/www.siberguvenlikzirvesi.org.tr\/2021\/wp-json\/wp\/v2\/media\/577"}],"wp:attachment":[{"href":"https:\/\/www.siberguvenlikzirvesi.org.tr\/2021\/wp-json\/wp\/v2\/media?parent=484"}],"curies":[{"name":"wp","href":"https:\/\/api.w.org\/{rel}","templated":true}]}}