{"id":525,"date":"2021-01-16T19:56:46","date_gmt":"2021-01-16T16:56:46","guid":{"rendered":"https:\/\/www.siberguvenlikzirvesi.org.tr\/2021\/?page_id=525"},"modified":"2021-01-22T12:19:24","modified_gmt":"2021-01-22T09:19:24","slug":"isletim-sistemi-guvenligi","status":"publish","type":"page","link":"https:\/\/www.siberguvenlikzirvesi.org.tr\/2021\/egitimler\/isletim-sistemi-guvenligi","title":{"rendered":"\u0130\u015fletim Sistemi G\u00fcvenli\u011fi"},"content":{"rendered":"<h3><strong><img loading=\"lazy\" decoding=\"async\" class=\"aligncenter size-full wp-image-582\" src=\"https:\/\/www.siberguvenlikzirvesi.org.tr\/2021\/wp-content\/uploads\/2021\/01\/egitim-5.jpg\" alt=\"\" width=\"1200\" height=\"665\" srcset=\"https:\/\/www.siberguvenlikzirvesi.org.tr\/2021\/wp-content\/uploads\/2021\/01\/egitim-5.jpg 1200w, https:\/\/www.siberguvenlikzirvesi.org.tr\/2021\/wp-content\/uploads\/2021\/01\/egitim-5-300x166.jpg 300w, https:\/\/www.siberguvenlikzirvesi.org.tr\/2021\/wp-content\/uploads\/2021\/01\/egitim-5-1024x567.jpg 1024w, https:\/\/www.siberguvenlikzirvesi.org.tr\/2021\/wp-content\/uploads\/2021\/01\/egitim-5-768x426.jpg 768w, https:\/\/www.siberguvenlikzirvesi.org.tr\/2021\/wp-content\/uploads\/2021\/01\/egitim-5-260x144.jpg 260w, https:\/\/www.siberguvenlikzirvesi.org.tr\/2021\/wp-content\/uploads\/2021\/01\/egitim-5-50x28.jpg 50w, https:\/\/www.siberguvenlikzirvesi.org.tr\/2021\/wp-content\/uploads\/2021\/01\/egitim-5-135x75.jpg 135w\" sizes=\"auto, (max-width:767px) 480px, (max-width:1200px) 100vw, 1200px\" \/>\u0130\u015eLET\u0130M S\u0130STEM\u0130 G\u00dcVENL\u0130\u011e\u0130<\/strong><\/h3>\n<p>Bili\u015fim sistemleri \u00fczerinde \u00e7al\u0131\u015fan t\u00fcm uygulama ve servislere \u00e7al\u0131\u015fma ve g\u00fcvenlik altyap\u0131s\u0131 sa\u011flayan i\u015fletim sistemleri bilgi ve ileti\u015fim g\u00fcvenli\u011fi a\u00e7\u0131s\u0131ndan \u00e7ok \u00f6nemlidir. \u0130\u015fletim sistemlerinin bar\u0131nd\u0131rd\u0131\u011f\u0131 a\u00e7\u0131kl\u0131k ve zay\u0131fl\u0131klara kar\u015f\u0131 gerekli \u00f6nlemlerin uygulanmas\u0131 siber g\u00fcvenli\u011fin sa\u011flanmas\u0131 anlam\u0131nda \u00f6nemli kazan\u0131mlar sa\u011flayacakt\u0131r. Aksi durumda ise bili\u015fim sistemleri siber g\u00fcvenlik a\u00e7\u0131s\u0131ndan b\u00fcy\u00fck riskler olu\u015fturacakt\u0131r.<\/p>\n<p>Bu e\u011fitimle hem sistem y\u00f6neticilerinde hem de sistem kullan\u0131c\u0131lar\u0131nda g\u00fcvenlik bilincinin geli\u015ftirilmesine y\u00f6nelik olarak i\u015fletim sistemlerinin a\u00e7\u0131kl\u0131klar\u0131 ve uygulanmas\u0131 gereken g\u00fcvenlik \u00f6nlemleri, s\u0131k\u0131la\u015ft\u0131rmalar, y\u00f6netim ve denetim mekanizmalar\u0131 hakk\u0131nda temel bilgileri vermek ve uygulamada dikkat edilmesi gereken hususlar konusunda fark\u0131ndal\u0131k yarat\u0131lmas\u0131 hedeflenmektedir.<\/p>\n<p><strong>S\u00fcresi-:<\/strong> 1.5 Saat<\/p>\n<p><strong>E\u011fitmen:<\/strong> \u00c7a\u011flar \u00dcLK\u00dcDERNER, TBD \u0130cra Kuru \u00dcyesi<\/p>\n<p><strong>E\u011fitim \u0130\u00e7eri\u011fi:<\/strong><\/p>\n<ul>\n<li>Milli Hedefler ve A\u00e7\u0131k Kaynak Kod (AKK)<\/li>\n<li>Pardus ve di\u011fer Linux da\u011f\u0131t\u0131mlar\u0131 neden daha g\u00fcvenli?<\/li>\n<li>AKK g\u00f6\u00e7 planlamas\u0131 ve haz\u0131rl\u0131k (Kurumsal Dizin, Istemci, Sunucu, ve di\u011fer sistemler)<\/li>\n<li>Vir\u00fcs, trojan ve di\u011fer tehditlere kar\u015f\u0131 Pardus<\/li>\n<li>G\u00f6\u00e7 planlamas\u0131nda g\u00fcvenlik ad\u0131mlar\u0131<\/li>\n<li>Linux g\u00fcvenlik isterleri farkl\u0131l\u0131klar\u0131<\/li>\n<li>Yeni Nesil Kurumsal Dizin Sunucusu getirileri ve de\u011fi\u015ftirecekleri<\/li>\n<li>Dijital D\u00f6n\u00fc\u015f\u00fcm Ofisi taraf\u0131ndan yay\u0131nlanan Bilgi ve \u0130leti\u015fim G\u00fcvenli\u011fi Rehberine g\u00f6re s\u00fcrd\u00fcr\u00fclebilir g\u00fcvenlik, y\u00f6netim ve denetim mekanizmalar\u0131<\/li>\n<li>\u00d6l\u00e7eklenebilir AKK teknolojileri ve gelecek<\/li>\n<\/ul>\n<p><strong>KATILIM ve KAYIT : <\/strong><a href=\"https:\/\/attendee.gotowebinar.com\/register\/1509453955551477762\" target=\"_blank\" rel=\"noopener\">https:\/\/attendee.gotowebinar.com\/register\/1509453955551477762<\/a><\/p>\n","protected":false},"excerpt":{"rendered":"<p>\u0130\u015eLET\u0130M S\u0130STEM\u0130 G\u00dcVENL\u0130\u011e\u0130 Bili\u015fim sistemleri \u00fczerinde \u00e7al\u0131\u015fan t\u00fcm uygulama ve servislere \u00e7al\u0131\u015fma ve g\u00fcvenlik altyap\u0131s\u0131 sa\u011flayan i\u015fletim sistemleri bilgi ve ileti\u015fim g\u00fcvenli\u011fi a\u00e7\u0131s\u0131ndan \u00e7ok \u00f6nemlidir. \u0130\u015fletim<span class=\"excerpt-hellip\"> [\u2026]<\/span><\/p>\n","protected":false},"author":1,"featured_media":582,"parent":480,"menu_order":0,"comment_status":"closed","ping_status":"closed","template":"","meta":{"rs_blank_template":"","rs_page_bg_color":"","slide_template_v7":"","footnotes":""},"class_list":["post-525","page","type-page","status-publish","has-post-thumbnail","hentry"],"_links":{"self":[{"href":"https:\/\/www.siberguvenlikzirvesi.org.tr\/2021\/wp-json\/wp\/v2\/pages\/525","targetHints":{"allow":["GET"]}}],"collection":[{"href":"https:\/\/www.siberguvenlikzirvesi.org.tr\/2021\/wp-json\/wp\/v2\/pages"}],"about":[{"href":"https:\/\/www.siberguvenlikzirvesi.org.tr\/2021\/wp-json\/wp\/v2\/types\/page"}],"author":[{"embeddable":true,"href":"https:\/\/www.siberguvenlikzirvesi.org.tr\/2021\/wp-json\/wp\/v2\/users\/1"}],"replies":[{"embeddable":true,"href":"https:\/\/www.siberguvenlikzirvesi.org.tr\/2021\/wp-json\/wp\/v2\/comments?post=525"}],"version-history":[{"count":6,"href":"https:\/\/www.siberguvenlikzirvesi.org.tr\/2021\/wp-json\/wp\/v2\/pages\/525\/revisions"}],"predecessor-version":[{"id":588,"href":"https:\/\/www.siberguvenlikzirvesi.org.tr\/2021\/wp-json\/wp\/v2\/pages\/525\/revisions\/588"}],"up":[{"embeddable":true,"href":"https:\/\/www.siberguvenlikzirvesi.org.tr\/2021\/wp-json\/wp\/v2\/pages\/480"}],"wp:featuredmedia":[{"embeddable":true,"href":"https:\/\/www.siberguvenlikzirvesi.org.tr\/2021\/wp-json\/wp\/v2\/media\/582"}],"wp:attachment":[{"href":"https:\/\/www.siberguvenlikzirvesi.org.tr\/2021\/wp-json\/wp\/v2\/media?parent=525"}],"curies":[{"name":"wp","href":"https:\/\/api.w.org\/{rel}","templated":true}]}}