{"id":628,"date":"2021-02-10T19:48:22","date_gmt":"2021-02-10T16:48:22","guid":{"rendered":"https:\/\/www.siberguvenlikzirvesi.org.tr\/2021\/?page_id=628"},"modified":"2021-02-10T19:48:22","modified_gmt":"2021-02-10T16:48:22","slug":"etkinlik-yurutme-kurulu","status":"publish","type":"page","link":"https:\/\/www.siberguvenlikzirvesi.org.tr\/2021\/etkinlik-yurutme-kurulu","title":{"rendered":"Etkinlik Y\u00fcr\u00fctme Kurulu"},"content":{"rendered":"<ul>\n<li>Ali YAZICI<\/li>\n<li>Ahmet TOSUNO\u011eLU<\/li>\n<li>L\u00fctfi \u00d6ZB\u0130LEN<\/li>\n<li>Dr. Ayd\u0131n KOLAT<\/li>\n<li>Nuray BA\u015eAR<\/li>\n<li>Prof. Dr. T\u00fcrksel KAYA BENSGH\u0130R<\/li>\n<li>Dilek \u015eEN KARAKAYA<\/li>\n<li>Ye\u015fim ERGUN<\/li>\n<li>Serap KILI\u00c7DO\u011eAN<\/li>\n<li>Ceren TUN\u00c7<\/li>\n<li>Bar\u0131\u015f PEKTA\u015e<\/li>\n<\/ul>\n","protected":false},"excerpt":{"rendered":"<p>Ali YAZICI Ahmet TOSUNO\u011eLU L\u00fctfi \u00d6ZB\u0130LEN Dr. Ayd\u0131n KOLAT Nuray BA\u015eAR Prof. Dr. T\u00fcrksel KAYA BENSGH\u0130R Dilek \u015eEN KARAKAYA Ye\u015fim ERGUN Serap KILI\u00c7DO\u011eAN Ceren TUN\u00c7 Bar\u0131\u015f<span class=\"excerpt-hellip\"> [\u2026]<\/span><\/p>\n","protected":false},"author":1,"featured_media":0,"parent":0,"menu_order":0,"comment_status":"closed","ping_status":"closed","template":"","meta":{"rs_blank_template":"","rs_page_bg_color":"","slide_template_v7":"","footnotes":""},"class_list":["post-628","page","type-page","status-publish","hentry"],"_links":{"self":[{"href":"https:\/\/www.siberguvenlikzirvesi.org.tr\/2021\/wp-json\/wp\/v2\/pages\/628","targetHints":{"allow":["GET"]}}],"collection":[{"href":"https:\/\/www.siberguvenlikzirvesi.org.tr\/2021\/wp-json\/wp\/v2\/pages"}],"about":[{"href":"https:\/\/www.siberguvenlikzirvesi.org.tr\/2021\/wp-json\/wp\/v2\/types\/page"}],"author":[{"embeddable":true,"href":"https:\/\/www.siberguvenlikzirvesi.org.tr\/2021\/wp-json\/wp\/v2\/users\/1"}],"replies":[{"embeddable":true,"href":"https:\/\/www.siberguvenlikzirvesi.org.tr\/2021\/wp-json\/wp\/v2\/comments?post=628"}],"version-history":[{"count":1,"href":"https:\/\/www.siberguvenlikzirvesi.org.tr\/2021\/wp-json\/wp\/v2\/pages\/628\/revisions"}],"predecessor-version":[{"id":629,"href":"https:\/\/www.siberguvenlikzirvesi.org.tr\/2021\/wp-json\/wp\/v2\/pages\/628\/revisions\/629"}],"wp:attachment":[{"href":"https:\/\/www.siberguvenlikzirvesi.org.tr\/2021\/wp-json\/wp\/v2\/media?parent=628"}],"curies":[{"name":"wp","href":"https:\/\/api.w.org\/{rel}","templated":true}]}}