{"id":455,"date":"2022-01-18T14:45:02","date_gmt":"2022-01-18T11:45:02","guid":{"rendered":"https:\/\/www.siberguvenlikzirvesi.org.tr\/2022\/?page_id=455"},"modified":"2022-01-18T15:41:45","modified_gmt":"2022-01-18T12:41:45","slug":"oturumlar","status":"publish","type":"page","link":"https:\/\/www.siberguvenlikzirvesi.org.tr\/2022\/oturumlar","title":{"rendered":"Oturumlar"},"content":{"rendered":"<ul>\n<li><a href=\"https:\/\/www.siberguvenlikzirvesi.org.tr\/2022\/oturumlar\/oturum-1-siber-guvenlik-stratejileri\">Oturum-1: Siber G\u00fcvenlik Stratejileri<\/a><\/li>\n<li><a href=\"https:\/\/www.siberguvenlikzirvesi.org.tr\/2022\/oturumlar\/oturum-2-siber-guvenlik-teknolojileri-ve-gelecek-ongoruleri\">Oturum-2: Siber G\u00fcvenlik Teknolojileri ve Gelecek \u00d6ng\u00f6r\u00fcleri<\/a><\/li>\n<li><a href=\"https:\/\/www.siberguvenlikzirvesi.org.tr\/2022\/oturumlar\/oturum-3-siber-tehditlerin-gelisimi-ve-degisen-saldiri-yuzeyi\">Oturum-3: Siber Tehditlerin Geli\u015fimi ve De\u011fi\u015fen Sald\u0131r\u0131 Y\u00fczeyi<\/a><\/li>\n<li><a href=\"https:\/\/www.siberguvenlikzirvesi.org.tr\/2022\/oturumlar\/oturum-4-siber-guvenlikte-beseri-sermayenin-onemi\">Oturum-4: Siber G\u00fcvenlikte Be\u015feri Sermayenin \u00d6nemi<\/a><\/li>\n<li><a href=\"https:\/\/www.siberguvenlikzirvesi.org.tr\/2022\/oturumlar\/oturum-5-siber-guvenligin-dijital-ekonomiye-etkisi\">Oturum-5: Siber G\u00fcvenli\u011fin Dijital Ekonomiye Etkisi<\/a><\/li>\n<li><a href=\"https:\/\/www.siberguvenlikzirvesi.org.tr\/2022\/oturumlar\/egitim-siber-guvenlik-farkindalik-egitimi\">E\u011fitim: Siber G\u00fcvenlik Fark\u0131ndal\u0131k E\u011fitimi<\/a><\/li>\n<\/ul>\n","protected":false},"excerpt":{"rendered":"<p>Oturum-1: Siber G\u00fcvenlik Stratejileri Oturum-2: Siber G\u00fcvenlik Teknolojileri ve Gelecek \u00d6ng\u00f6r\u00fcleri Oturum-3: Siber Tehditlerin Geli\u015fimi ve De\u011fi\u015fen Sald\u0131r\u0131 Y\u00fczeyi Oturum-4: Siber G\u00fcvenlikte Be\u015feri Sermayenin \u00d6nemi Oturum-5:<span class=\"excerpt-hellip\"> [\u2026]<\/span><\/p>\n","protected":false},"author":1,"featured_media":0,"parent":0,"menu_order":0,"comment_status":"closed","ping_status":"closed","template":"","meta":{"footnotes":""},"class_list":["post-455","page","type-page","status-publish","hentry"],"_links":{"self":[{"href":"https:\/\/www.siberguvenlikzirvesi.org.tr\/2022\/wp-json\/wp\/v2\/pages\/455","targetHints":{"allow":["GET"]}}],"collection":[{"href":"https:\/\/www.siberguvenlikzirvesi.org.tr\/2022\/wp-json\/wp\/v2\/pages"}],"about":[{"href":"https:\/\/www.siberguvenlikzirvesi.org.tr\/2022\/wp-json\/wp\/v2\/types\/page"}],"author":[{"embeddable":true,"href":"https:\/\/www.siberguvenlikzirvesi.org.tr\/2022\/wp-json\/wp\/v2\/users\/1"}],"replies":[{"embeddable":true,"href":"https:\/\/www.siberguvenlikzirvesi.org.tr\/2022\/wp-json\/wp\/v2\/comments?post=455"}],"version-history":[{"count":5,"href":"https:\/\/www.siberguvenlikzirvesi.org.tr\/2022\/wp-json\/wp\/v2\/pages\/455\/revisions"}],"predecessor-version":[{"id":719,"href":"https:\/\/www.siberguvenlikzirvesi.org.tr\/2022\/wp-json\/wp\/v2\/pages\/455\/revisions\/719"}],"wp:attachment":[{"href":"https:\/\/www.siberguvenlikzirvesi.org.tr\/2022\/wp-json\/wp\/v2\/media?parent=455"}],"curies":[{"name":"wp","href":"https:\/\/api.w.org\/{rel}","templated":true}]}}