{"id":457,"date":"2022-01-18T14:41:45","date_gmt":"2022-01-18T11:41:45","guid":{"rendered":"https:\/\/www.siberguvenlikzirvesi.org.tr\/2022\/?page_id=457"},"modified":"2022-03-01T22:14:58","modified_gmt":"2022-03-01T19:14:58","slug":"oturum-5-siber-guvenligin-ekonomiye-etkisi-ve-siber-girisimcilik","status":"publish","type":"page","link":"https:\/\/www.siberguvenlikzirvesi.org.tr\/2022\/oturumlar\/oturum-5-siber-guvenligin-ekonomiye-etkisi-ve-siber-girisimcilik","title":{"rendered":"Oturum-5: Siber G\u00fcvenli\u011fin Ekonomiye Etkisi ve Siber Giri\u015fimcilik"},"content":{"rendered":"<h3><strong><img loading=\"lazy\" decoding=\"async\" class=\"aligncenter size-full wp-image-748\" src=\"https:\/\/www.siberguvenlikzirvesi.org.tr\/2022\/wp-content\/uploads\/2022\/02\/oturum-5-siber-guvenligin-ekonomiye-etkisi-ve-siber-girisimcilik.jpg\" alt=\"\" width=\"1024\" height=\"768\" srcset=\"https:\/\/www.siberguvenlikzirvesi.org.tr\/2022\/wp-content\/uploads\/2022\/02\/oturum-5-siber-guvenligin-ekonomiye-etkisi-ve-siber-girisimcilik.jpg 1024w, https:\/\/www.siberguvenlikzirvesi.org.tr\/2022\/wp-content\/uploads\/2022\/02\/oturum-5-siber-guvenligin-ekonomiye-etkisi-ve-siber-girisimcilik-300x225.jpg 300w, https:\/\/www.siberguvenlikzirvesi.org.tr\/2022\/wp-content\/uploads\/2022\/02\/oturum-5-siber-guvenligin-ekonomiye-etkisi-ve-siber-girisimcilik-768x576.jpg 768w, https:\/\/www.siberguvenlikzirvesi.org.tr\/2022\/wp-content\/uploads\/2022\/02\/oturum-5-siber-guvenligin-ekonomiye-etkisi-ve-siber-girisimcilik-195x146.jpg 195w, https:\/\/www.siberguvenlikzirvesi.org.tr\/2022\/wp-content\/uploads\/2022\/02\/oturum-5-siber-guvenligin-ekonomiye-etkisi-ve-siber-girisimcilik-50x38.jpg 50w, https:\/\/www.siberguvenlikzirvesi.org.tr\/2022\/wp-content\/uploads\/2022\/02\/oturum-5-siber-guvenligin-ekonomiye-etkisi-ve-siber-girisimcilik-100x75.jpg 100w, https:\/\/www.siberguvenlikzirvesi.org.tr\/2022\/wp-content\/uploads\/2022\/02\/oturum-5-siber-guvenligin-ekonomiye-etkisi-ve-siber-girisimcilik-960x720.jpg 960w\" sizes=\"auto, (max-width:767px) 480px, (max-width:1024px) 100vw, 1024px\" \/><\/strong><\/h3>\n<h3><strong>OTURUM-5: S\u0130BER G\u00dcVENL\u0130\u011e\u0130N EKONOM\u0130YE ETK\u0130S\u0130 ve S\u0130BER G\u0130R\u0130\u015e\u0130MC\u0130L\u0130K <\/strong><\/h3>\n<p>Dijital ekonominin temel dayana\u011f\u0131 olan ve \u00e7a\u011f\u0131m\u0131z\u0131n petrol\u00fc olarak da bilinen verinin g\u00fcvenli\u011fi ve yarataca\u011f\u0131 f\u0131rsatlar \u00f6n plana \u00e7\u0131kmaktad\u0131r. Son y\u0131llarda \u00f6zellikle de Pandemi s\u00fcrecinde rehin alma (fidye) ve tedarik zinciri sald\u0131r\u0131lar\u0131nda b\u00fcy\u00fck art\u0131\u015flar g\u00f6zlemlenmektedir. Dijital altyap\u0131lara y\u00f6nelik siber sald\u0131r\u0131lar\u0131n ekonomik etkilerinin de g\u00fcn ge\u00e7tik\u00e7e b\u00fcy\u00fcd\u00fc\u011f\u00fc g\u00f6r\u00fclmektedir. Yap\u0131lan ara\u015ft\u0131rmalara g\u00f6re 2020&#8217;de yap\u0131lan rehin alma (fidye) sald\u0131r\u0131lar\u0131n\u0131n toplam maliyetinin yakla\u015f\u0131k 170 milyar dolar oldu\u011fu raporlanmaktad\u0131r.<\/p>\n<p>Di\u011fer taraftan siber g\u00fcvenlik \u00fcr\u00fcn, sistem, hizmet ve \u00e7\u00f6z\u00fcmlerinin milli kabiliyetler ile \u00f6zg\u00fcn olarak geli\u015ftirilmesinin hem giri\u015fimcilik hem de k\u00fcresel marka olu\u015fturma anlam\u0131nda ekonomiye etkisi \u00e7ok \u00f6nemlidir.<\/p>\n<p>Bu oturumda siber g\u00fcvenli\u011fin ve siber g\u00fcvenlik \u00e7\u00f6z\u00fcmlerinin ekonomiye etkisi f\u0131rsat ve tehditler g\u00f6z \u00f6n\u00fcnde bulundurularak t\u00fcm y\u00f6nleriyle tart\u0131\u015f\u0131lacak ve karar vericilere \u0131\u015f\u0131k tutmas\u0131 amac\u0131yla ortak ak\u0131l olu\u015fturulacakt\u0131r.<\/p>\n","protected":false},"excerpt":{"rendered":"<p>OTURUM-5: S\u0130BER G\u00dcVENL\u0130\u011e\u0130N EKONOM\u0130YE ETK\u0130S\u0130 ve S\u0130BER G\u0130R\u0130\u015e\u0130MC\u0130L\u0130K Dijital ekonominin temel dayana\u011f\u0131 olan ve \u00e7a\u011f\u0131m\u0131z\u0131n petrol\u00fc olarak da bilinen verinin g\u00fcvenli\u011fi ve yarataca\u011f\u0131 f\u0131rsatlar \u00f6n plana<span class=\"excerpt-hellip\"> [\u2026]<\/span><\/p>\n","protected":false},"author":1,"featured_media":748,"parent":455,"menu_order":0,"comment_status":"closed","ping_status":"closed","template":"","meta":{"rs_blank_template":"","rs_page_bg_color":"","slide_template_v7":"","footnotes":""},"class_list":["post-457","page","type-page","status-publish","has-post-thumbnail","hentry"],"_links":{"self":[{"href":"https:\/\/www.siberguvenlikzirvesi.org.tr\/2022\/wp-json\/wp\/v2\/pages\/457","targetHints":{"allow":["GET"]}}],"collection":[{"href":"https:\/\/www.siberguvenlikzirvesi.org.tr\/2022\/wp-json\/wp\/v2\/pages"}],"about":[{"href":"https:\/\/www.siberguvenlikzirvesi.org.tr\/2022\/wp-json\/wp\/v2\/types\/page"}],"author":[{"embeddable":true,"href":"https:\/\/www.siberguvenlikzirvesi.org.tr\/2022\/wp-json\/wp\/v2\/users\/1"}],"replies":[{"embeddable":true,"href":"https:\/\/www.siberguvenlikzirvesi.org.tr\/2022\/wp-json\/wp\/v2\/comments?post=457"}],"version-history":[{"count":10,"href":"https:\/\/www.siberguvenlikzirvesi.org.tr\/2022\/wp-json\/wp\/v2\/pages\/457\/revisions"}],"predecessor-version":[{"id":764,"href":"https:\/\/www.siberguvenlikzirvesi.org.tr\/2022\/wp-json\/wp\/v2\/pages\/457\/revisions\/764"}],"up":[{"embeddable":true,"href":"https:\/\/www.siberguvenlikzirvesi.org.tr\/2022\/wp-json\/wp\/v2\/pages\/455"}],"wp:featuredmedia":[{"embeddable":true,"href":"https:\/\/www.siberguvenlikzirvesi.org.tr\/2022\/wp-json\/wp\/v2\/media\/748"}],"wp:attachment":[{"href":"https:\/\/www.siberguvenlikzirvesi.org.tr\/2022\/wp-json\/wp\/v2\/media?parent=457"}],"curies":[{"name":"wp","href":"https:\/\/api.w.org\/{rel}","templated":true}]}}