{"id":459,"date":"2022-01-18T14:39:20","date_gmt":"2022-01-18T11:39:20","guid":{"rendered":"https:\/\/www.siberguvenlikzirvesi.org.tr\/2022\/?page_id=459"},"modified":"2022-03-01T22:14:51","modified_gmt":"2022-03-01T19:14:51","slug":"oturum-4-siber-guvenlikte-beseri-sermayenin-onemi","status":"publish","type":"page","link":"https:\/\/www.siberguvenlikzirvesi.org.tr\/2022\/oturumlar\/oturum-4-siber-guvenlikte-beseri-sermayenin-onemi","title":{"rendered":"Oturum-4: Siber G\u00fcvenlikte Be\u015feri Sermayenin \u00d6nemi"},"content":{"rendered":"<h3><strong><img loading=\"lazy\" decoding=\"async\" class=\"aligncenter size-full wp-image-746\" src=\"https:\/\/www.siberguvenlikzirvesi.org.tr\/2022\/wp-content\/uploads\/2022\/02\/oturum-4-siber-guvenlikte-beseri-sermayenin-onemi.jpg\" alt=\"\" width=\"1024\" height=\"768\" srcset=\"https:\/\/www.siberguvenlikzirvesi.org.tr\/2022\/wp-content\/uploads\/2022\/02\/oturum-4-siber-guvenlikte-beseri-sermayenin-onemi.jpg 1024w, https:\/\/www.siberguvenlikzirvesi.org.tr\/2022\/wp-content\/uploads\/2022\/02\/oturum-4-siber-guvenlikte-beseri-sermayenin-onemi-300x225.jpg 300w, https:\/\/www.siberguvenlikzirvesi.org.tr\/2022\/wp-content\/uploads\/2022\/02\/oturum-4-siber-guvenlikte-beseri-sermayenin-onemi-768x576.jpg 768w, https:\/\/www.siberguvenlikzirvesi.org.tr\/2022\/wp-content\/uploads\/2022\/02\/oturum-4-siber-guvenlikte-beseri-sermayenin-onemi-195x146.jpg 195w, https:\/\/www.siberguvenlikzirvesi.org.tr\/2022\/wp-content\/uploads\/2022\/02\/oturum-4-siber-guvenlikte-beseri-sermayenin-onemi-50x38.jpg 50w, https:\/\/www.siberguvenlikzirvesi.org.tr\/2022\/wp-content\/uploads\/2022\/02\/oturum-4-siber-guvenlikte-beseri-sermayenin-onemi-100x75.jpg 100w, https:\/\/www.siberguvenlikzirvesi.org.tr\/2022\/wp-content\/uploads\/2022\/02\/oturum-4-siber-guvenlikte-beseri-sermayenin-onemi-960x720.jpg 960w\" sizes=\"auto, (max-width:767px) 480px, (max-width:1024px) 100vw, 1024px\" \/><\/strong><\/h3>\n<h3><strong>OTURUM-4: S\u0130BER G\u00dcVENL\u0130KTE BE\u015eER\u0130 SERMAYEN\u0130N \u00d6NEM\u0130<\/strong><\/h3>\n<p>Siber g\u00fcvenlikte teknolojik altyap\u0131 kullan\u0131m\u0131 \u00e7ok \u00f6nemli olmakla birlikte sadece teknoloji kullan\u0131m\u0131 ile siber g\u00fcvenli\u011fin sa\u011flanmas\u0131 m\u00fcmk\u00fcn olamamaktad\u0131r. Yap\u0131lan ara\u015ft\u0131rmalar siber sald\u0131r\u0131lar\u0131n yakla\u015f\u0131k % 80\u2019nin yanl\u0131\u015f yap\u0131land\u0131rma ve\/veya bilin\u00e7siz kullan\u0131m hatalar\u0131ndan olu\u015fan insan kaynakl\u0131 zafiyetlerden kaynakland\u0131\u011f\u0131n\u0131 g\u00f6stermektedir. Di\u011fer taraftan siber g\u00fcvenlik \u00fcr\u00fcn ve hizmetlerinin \u00f6zg\u00fcn olarak geli\u015ftirilmesi amac\u0131yla nitelikli insan kayna\u011f\u0131na ihtiya\u00e7 duyulmaktad\u0131r.<\/p>\n<p>Bu oturumda \u00fclkemizin siber dayan\u0131kl\u0131l\u0131\u011f\u0131n\u0131n artt\u0131r\u0131lmas\u0131 amac\u0131yla siber g\u00fcvenlik alan\u0131nda be\u015feri sermayenin olu\u015fturulmas\u0131na y\u00f6nelik hususlar t\u00fcm y\u00f6nleriyle tart\u0131\u015f\u0131lacak ve ortak ak\u0131l olu\u015fturulacakt\u0131r.<\/p>\n","protected":false},"excerpt":{"rendered":"<p>OTURUM-4: S\u0130BER G\u00dcVENL\u0130KTE BE\u015eER\u0130 SERMAYEN\u0130N \u00d6NEM\u0130 Siber g\u00fcvenlikte teknolojik altyap\u0131 kullan\u0131m\u0131 \u00e7ok \u00f6nemli olmakla birlikte sadece teknoloji kullan\u0131m\u0131 ile siber g\u00fcvenli\u011fin sa\u011flanmas\u0131 m\u00fcmk\u00fcn olamamaktad\u0131r. Yap\u0131lan ara\u015ft\u0131rmalar<span class=\"excerpt-hellip\"> [\u2026]<\/span><\/p>\n","protected":false},"author":1,"featured_media":746,"parent":455,"menu_order":0,"comment_status":"closed","ping_status":"closed","template":"","meta":{"rs_blank_template":"","rs_page_bg_color":"","slide_template_v7":"","footnotes":""},"class_list":["post-459","page","type-page","status-publish","has-post-thumbnail","hentry"],"_links":{"self":[{"href":"https:\/\/www.siberguvenlikzirvesi.org.tr\/2022\/wp-json\/wp\/v2\/pages\/459","targetHints":{"allow":["GET"]}}],"collection":[{"href":"https:\/\/www.siberguvenlikzirvesi.org.tr\/2022\/wp-json\/wp\/v2\/pages"}],"about":[{"href":"https:\/\/www.siberguvenlikzirvesi.org.tr\/2022\/wp-json\/wp\/v2\/types\/page"}],"author":[{"embeddable":true,"href":"https:\/\/www.siberguvenlikzirvesi.org.tr\/2022\/wp-json\/wp\/v2\/users\/1"}],"replies":[{"embeddable":true,"href":"https:\/\/www.siberguvenlikzirvesi.org.tr\/2022\/wp-json\/wp\/v2\/comments?post=459"}],"version-history":[{"count":8,"href":"https:\/\/www.siberguvenlikzirvesi.org.tr\/2022\/wp-json\/wp\/v2\/pages\/459\/revisions"}],"predecessor-version":[{"id":763,"href":"https:\/\/www.siberguvenlikzirvesi.org.tr\/2022\/wp-json\/wp\/v2\/pages\/459\/revisions\/763"}],"up":[{"embeddable":true,"href":"https:\/\/www.siberguvenlikzirvesi.org.tr\/2022\/wp-json\/wp\/v2\/pages\/455"}],"wp:featuredmedia":[{"embeddable":true,"href":"https:\/\/www.siberguvenlikzirvesi.org.tr\/2022\/wp-json\/wp\/v2\/media\/746"}],"wp:attachment":[{"href":"https:\/\/www.siberguvenlikzirvesi.org.tr\/2022\/wp-json\/wp\/v2\/media?parent=459"}],"curies":[{"name":"wp","href":"https:\/\/api.w.org\/{rel}","templated":true}]}}