{"id":463,"date":"2022-01-18T14:34:39","date_gmt":"2022-01-18T11:34:39","guid":{"rendered":"https:\/\/www.siberguvenlikzirvesi.org.tr\/2022\/?page_id=463"},"modified":"2022-03-01T22:14:37","modified_gmt":"2022-03-01T19:14:37","slug":"oturum-2-yenilikci-siber-guvenlik-teknolojileri-ve-uygulamalari","status":"publish","type":"page","link":"https:\/\/www.siberguvenlikzirvesi.org.tr\/2022\/oturumlar\/oturum-2-yenilikci-siber-guvenlik-teknolojileri-ve-uygulamalari","title":{"rendered":"Oturum-2: Yenilik\u00e7i Siber G\u00fcvenlik Teknolojileri ve Uygulamalar\u0131"},"content":{"rendered":"<h3><strong><img loading=\"lazy\" decoding=\"async\" class=\"aligncenter size-full wp-image-742\" src=\"https:\/\/www.siberguvenlikzirvesi.org.tr\/2022\/wp-content\/uploads\/2022\/02\/oturum-2-yenilikci-siber-guvenlik-teknolojileri-ve-uygulamalari.jpg\" alt=\"\" width=\"1024\" height=\"768\" srcset=\"https:\/\/www.siberguvenlikzirvesi.org.tr\/2022\/wp-content\/uploads\/2022\/02\/oturum-2-yenilikci-siber-guvenlik-teknolojileri-ve-uygulamalari.jpg 1024w, https:\/\/www.siberguvenlikzirvesi.org.tr\/2022\/wp-content\/uploads\/2022\/02\/oturum-2-yenilikci-siber-guvenlik-teknolojileri-ve-uygulamalari-300x225.jpg 300w, https:\/\/www.siberguvenlikzirvesi.org.tr\/2022\/wp-content\/uploads\/2022\/02\/oturum-2-yenilikci-siber-guvenlik-teknolojileri-ve-uygulamalari-768x576.jpg 768w, https:\/\/www.siberguvenlikzirvesi.org.tr\/2022\/wp-content\/uploads\/2022\/02\/oturum-2-yenilikci-siber-guvenlik-teknolojileri-ve-uygulamalari-195x146.jpg 195w, https:\/\/www.siberguvenlikzirvesi.org.tr\/2022\/wp-content\/uploads\/2022\/02\/oturum-2-yenilikci-siber-guvenlik-teknolojileri-ve-uygulamalari-50x38.jpg 50w, https:\/\/www.siberguvenlikzirvesi.org.tr\/2022\/wp-content\/uploads\/2022\/02\/oturum-2-yenilikci-siber-guvenlik-teknolojileri-ve-uygulamalari-100x75.jpg 100w, https:\/\/www.siberguvenlikzirvesi.org.tr\/2022\/wp-content\/uploads\/2022\/02\/oturum-2-yenilikci-siber-guvenlik-teknolojileri-ve-uygulamalari-960x720.jpg 960w\" sizes=\"auto, (max-width:767px) 480px, (max-width:1024px) 100vw, 1024px\" \/><\/strong><\/h3>\n<h3><strong>OTURUM-2: YEN\u0130L\u0130K\u00c7\u0130 S\u0130BER G\u00dcVENL\u0130K TEKNOLOJ\u0130LER\u0130 VE UYGULAMALARI<\/strong><\/h3>\n<p>Pandemi d\u00f6neminde h\u0131zla artan dijitalle\u015fme, siber tehditlerin ve siber g\u00fcvenlik a\u00e7\u0131klar\u0131n\u0131n da ayn\u0131 oranda artmas\u0131na neden olmu\u015ftur. Sistemlerde sakl\u0131 g\u00fcvenlik a\u00e7\u0131kl\u0131klar\u0131n\u0131n h\u0131zl\u0131 bulunmas\u0131 ve sald\u0131r\u0131 y\u00fczeyinin geni\u015fletilmesi amac\u0131yla siber sald\u0131rganlar taraf\u0131ndan yayg\u0131n olarak kullan\u0131lan dijital d\u00f6n\u00fc\u015f\u00fcm teknolojileri di\u011fer taraftan insan hatas\u0131n\u0131 azaltma, siber istihbarat\u0131n analizi ve \u00f6nceliklendirilmesi, minimum gecikme s\u00fcresiyle m\u00fcdahale edebilme, yeni tehditleri tan\u0131mlayabilme ve tahmin edebilme amac\u0131yla siber g\u00fcvenlikte de etkin olarak kullan\u0131lmaktad\u0131r.<\/p>\n<p>Milli teknoloji hamlesi kapsam\u0131nda milli kabiliyetler ile \u00f6zg\u00fcn olarak geli\u015ftirilen siber g\u00fcvenlik \u00fcr\u00fcn ve hizmetlerinin kamuda kullan\u0131m\u0131n\u0131n yayg\u0131nla\u015ft\u0131r\u0131lmas\u0131 ulusal g\u00fcvenli\u011fin sa\u011flanmas\u0131nda ve s\u00fcrd\u00fcr\u00fclebilirli\u011finde \u00f6nem arz etmektedir.<\/p>\n<p>Bu oturumda siber g\u00fcvenli\u011fin etkinle\u015ftirilmesine y\u00f6nelik dijital d\u00f6n\u00fc\u015f\u00fcm teknolojilerinin kullan\u0131m senaryolar\u0131 ba\u015fta olmak \u00fczere teknolojideki geli\u015fmeler ve gelecek \u00f6ng\u00f6r\u00fcleri uzmanlar taraf\u0131ndan tart\u0131\u015f\u0131lacak ve karar vericilere y\u00f6n vermek amac\u0131yla ortak ak\u0131l olu\u015fturulacakt\u0131r.<\/p>\n","protected":false},"excerpt":{"rendered":"<p>OTURUM-2: YEN\u0130L\u0130K\u00c7\u0130 S\u0130BER G\u00dcVENL\u0130K TEKNOLOJ\u0130LER\u0130 VE UYGULAMALARI Pandemi d\u00f6neminde h\u0131zla artan dijitalle\u015fme, siber tehditlerin ve siber g\u00fcvenlik a\u00e7\u0131klar\u0131n\u0131n da ayn\u0131 oranda artmas\u0131na neden olmu\u015ftur. Sistemlerde sakl\u0131<span class=\"excerpt-hellip\"> [\u2026]<\/span><\/p>\n","protected":false},"author":1,"featured_media":742,"parent":455,"menu_order":0,"comment_status":"closed","ping_status":"closed","template":"","meta":{"rs_blank_template":"","rs_page_bg_color":"","slide_template_v7":"","footnotes":""},"class_list":["post-463","page","type-page","status-publish","has-post-thumbnail","hentry"],"_links":{"self":[{"href":"https:\/\/www.siberguvenlikzirvesi.org.tr\/2022\/wp-json\/wp\/v2\/pages\/463","targetHints":{"allow":["GET"]}}],"collection":[{"href":"https:\/\/www.siberguvenlikzirvesi.org.tr\/2022\/wp-json\/wp\/v2\/pages"}],"about":[{"href":"https:\/\/www.siberguvenlikzirvesi.org.tr\/2022\/wp-json\/wp\/v2\/types\/page"}],"author":[{"embeddable":true,"href":"https:\/\/www.siberguvenlikzirvesi.org.tr\/2022\/wp-json\/wp\/v2\/users\/1"}],"replies":[{"embeddable":true,"href":"https:\/\/www.siberguvenlikzirvesi.org.tr\/2022\/wp-json\/wp\/v2\/comments?post=463"}],"version-history":[{"count":10,"href":"https:\/\/www.siberguvenlikzirvesi.org.tr\/2022\/wp-json\/wp\/v2\/pages\/463\/revisions"}],"predecessor-version":[{"id":761,"href":"https:\/\/www.siberguvenlikzirvesi.org.tr\/2022\/wp-json\/wp\/v2\/pages\/463\/revisions\/761"}],"up":[{"embeddable":true,"href":"https:\/\/www.siberguvenlikzirvesi.org.tr\/2022\/wp-json\/wp\/v2\/pages\/455"}],"wp:featuredmedia":[{"embeddable":true,"href":"https:\/\/www.siberguvenlikzirvesi.org.tr\/2022\/wp-json\/wp\/v2\/media\/742"}],"wp:attachment":[{"href":"https:\/\/www.siberguvenlikzirvesi.org.tr\/2022\/wp-json\/wp\/v2\/media?parent=463"}],"curies":[{"name":"wp","href":"https:\/\/api.w.org\/{rel}","templated":true}]}}