{"id":459,"date":"2022-01-18T14:39:20","date_gmt":"2022-01-18T11:39:20","guid":{"rendered":"https:\/\/www.siberguvenlikzirvesi.org.tr\/2022\/?page_id=459"},"modified":"2023-03-10T18:39:21","modified_gmt":"2023-03-10T15:39:21","slug":"oturum-4-siber-guvenlik-uygulama-ve-cozumleri","status":"publish","type":"page","link":"https:\/\/www.siberguvenlikzirvesi.org.tr\/2023\/oturumlar\/oturum-4-siber-guvenlik-uygulama-ve-cozumleri","title":{"rendered":"Oturum-4: Siber G\u00fcvenlik Uygulama ve \u00c7\u00f6z\u00fcmleri"},"content":{"rendered":"","protected":false},"excerpt":{"rendered":"","protected":false},"author":1,"featured_media":896,"parent":455,"menu_order":0,"comment_status":"closed","ping_status":"closed","template":"","meta":{"rs_blank_template":"","rs_page_bg_color":"","slide_template_v7":"","footnotes":""},"class_list":["post-459","page","type-page","status-publish","has-post-thumbnail","hentry"],"_links":{"self":[{"href":"https:\/\/www.siberguvenlikzirvesi.org.tr\/2023\/wp-json\/wp\/v2\/pages\/459","targetHints":{"allow":["GET"]}}],"collection":[{"href":"https:\/\/www.siberguvenlikzirvesi.org.tr\/2023\/wp-json\/wp\/v2\/pages"}],"about":[{"href":"https:\/\/www.siberguvenlikzirvesi.org.tr\/2023\/wp-json\/wp\/v2\/types\/page"}],"author":[{"embeddable":true,"href":"https:\/\/www.siberguvenlikzirvesi.org.tr\/2023\/wp-json\/wp\/v2\/users\/1"}],"replies":[{"embeddable":true,"href":"https:\/\/www.siberguvenlikzirvesi.org.tr\/2023\/wp-json\/wp\/v2\/comments?post=459"}],"version-history":[{"count":12,"href":"https:\/\/www.siberguvenlikzirvesi.org.tr\/2023\/wp-json\/wp\/v2\/pages\/459\/revisions"}],"predecessor-version":[{"id":931,"href":"https:\/\/www.siberguvenlikzirvesi.org.tr\/2023\/wp-json\/wp\/v2\/pages\/459\/revisions\/931"}],"up":[{"embeddable":true,"href":"https:\/\/www.siberguvenlikzirvesi.org.tr\/2023\/wp-json\/wp\/v2\/pages\/455"}],"wp:featuredmedia":[{"embeddable":true,"href":"https:\/\/www.siberguvenlikzirvesi.org.tr\/2023\/wp-json\/wp\/v2\/media\/896"}],"wp:attachment":[{"href":"https:\/\/www.siberguvenlikzirvesi.org.tr\/2023\/wp-json\/wp\/v2\/media?parent=459"}],"curies":[{"name":"wp","href":"https:\/\/api.w.org\/{rel}","templated":true}]}}