{"id":628,"date":"2022-01-18T16:06:22","date_gmt":"2022-01-18T13:06:22","guid":{"rendered":"https:\/\/www.siberguvenlikzirvesi.org.tr\/2022\/?page_id=628"},"modified":"2023-01-13T09:15:51","modified_gmt":"2023-01-13T06:15:51","slug":"etkinlik-yurutme-kurulu","status":"publish","type":"page","link":"https:\/\/www.siberguvenlikzirvesi.org.tr\/2023\/etkinlik-yurutme-kurulu","title":{"rendered":"Etkinlik Y\u00fcr\u00fctme Kurulu"},"content":{"rendered":"<ul>\n<li>Ali YAZICI<\/li>\n<li>Ahmet TOSUNO\u011eLU<\/li>\n<li>L\u00fctfi \u00d6ZB\u0130LEN<\/li>\n<li>G\u00f6khan ERZURUMLUO\u011eLU<\/li>\n<li>Vural R\u0131za \u0130BR\u0130\u015e\u0130M<\/li>\n<li>Ersin TA\u015e\u00c7I<\/li>\n<li>Erdal NANEC\u0130<\/li>\n<li>Dr. Ziya KARAKAYA<\/li>\n<li>Koray \u00d6ZER<\/li>\n<li>Dilara \u00c7EL\u0130KER<\/li>\n<li>Ye\u015fim ERGUN<\/li>\n<li>Serap KILI\u00c7DO\u011eAN<\/li>\n<li>Ceren TUN\u00c7<\/li>\n<\/ul>\n","protected":false},"excerpt":{"rendered":"<p>Ali YAZICI Ahmet TOSUNO\u011eLU L\u00fctfi \u00d6ZB\u0130LEN G\u00f6khan ERZURUMLUO\u011eLU Vural R\u0131za \u0130BR\u0130\u015e\u0130M Ersin TA\u015e\u00c7I Erdal NANEC\u0130 Dr. Ziya KARAKAYA Koray \u00d6ZER Dilara \u00c7EL\u0130KER Ye\u015fim ERGUN Serap KILI\u00c7DO\u011eAN<span class=\"excerpt-hellip\"> [\u2026]<\/span><\/p>\n","protected":false},"author":1,"featured_media":0,"parent":0,"menu_order":0,"comment_status":"closed","ping_status":"closed","template":"","meta":{"footnotes":""},"class_list":["post-628","page","type-page","status-publish","hentry"],"_links":{"self":[{"href":"https:\/\/www.siberguvenlikzirvesi.org.tr\/2023\/wp-json\/wp\/v2\/pages\/628","targetHints":{"allow":["GET"]}}],"collection":[{"href":"https:\/\/www.siberguvenlikzirvesi.org.tr\/2023\/wp-json\/wp\/v2\/pages"}],"about":[{"href":"https:\/\/www.siberguvenlikzirvesi.org.tr\/2023\/wp-json\/wp\/v2\/types\/page"}],"author":[{"embeddable":true,"href":"https:\/\/www.siberguvenlikzirvesi.org.tr\/2023\/wp-json\/wp\/v2\/users\/1"}],"replies":[{"embeddable":true,"href":"https:\/\/www.siberguvenlikzirvesi.org.tr\/2023\/wp-json\/wp\/v2\/comments?post=628"}],"version-history":[{"count":8,"href":"https:\/\/www.siberguvenlikzirvesi.org.tr\/2023\/wp-json\/wp\/v2\/pages\/628\/revisions"}],"predecessor-version":[{"id":842,"href":"https:\/\/www.siberguvenlikzirvesi.org.tr\/2023\/wp-json\/wp\/v2\/pages\/628\/revisions\/842"}],"wp:attachment":[{"href":"https:\/\/www.siberguvenlikzirvesi.org.tr\/2023\/wp-json\/wp\/v2\/media?parent=628"}],"curies":[{"name":"wp","href":"https:\/\/api.w.org\/{rel}","templated":true}]}}