{"id":851,"date":"2023-01-20T15:19:05","date_gmt":"2023-01-20T12:19:05","guid":{"rendered":"https:\/\/www.siberguvenlikzirvesi.org.tr\/2023\/?page_id=851"},"modified":"2023-03-13T16:42:36","modified_gmt":"2023-03-13T13:42:36","slug":"siber-guvenlikte-son-kullanici-merkezli-pratik-uygulamalar-1","status":"publish","type":"page","link":"https:\/\/www.siberguvenlikzirvesi.org.tr\/2023\/siber-guvenlikte-son-kullanici-merkezli-pratik-uygulamalar-1","title":{"rendered":"Siber G\u00fcvenlikte Son Kullan\u0131c\u0131 Merkezli Pratik Uygulamalar 1"},"content":{"rendered":"","protected":false},"excerpt":{"rendered":"","protected":false},"author":1,"featured_media":0,"parent":0,"menu_order":0,"comment_status":"closed","ping_status":"closed","template":"","meta":{"footnotes":""},"class_list":["post-851","page","type-page","status-publish","hentry"],"_links":{"self":[{"href":"https:\/\/www.siberguvenlikzirvesi.org.tr\/2023\/wp-json\/wp\/v2\/pages\/851","targetHints":{"allow":["GET"]}}],"collection":[{"href":"https:\/\/www.siberguvenlikzirvesi.org.tr\/2023\/wp-json\/wp\/v2\/pages"}],"about":[{"href":"https:\/\/www.siberguvenlikzirvesi.org.tr\/2023\/wp-json\/wp\/v2\/types\/page"}],"author":[{"embeddable":true,"href":"https:\/\/www.siberguvenlikzirvesi.org.tr\/2023\/wp-json\/wp\/v2\/users\/1"}],"replies":[{"embeddable":true,"href":"https:\/\/www.siberguvenlikzirvesi.org.tr\/2023\/wp-json\/wp\/v2\/comments?post=851"}],"version-history":[{"count":3,"href":"https:\/\/www.siberguvenlikzirvesi.org.tr\/2023\/wp-json\/wp\/v2\/pages\/851\/revisions"}],"predecessor-version":[{"id":959,"href":"https:\/\/www.siberguvenlikzirvesi.org.tr\/2023\/wp-json\/wp\/v2\/pages\/851\/revisions\/959"}],"wp:attachment":[{"href":"https:\/\/www.siberguvenlikzirvesi.org.tr\/2023\/wp-json\/wp\/v2\/media?parent=851"}],"curies":[{"name":"wp","href":"https:\/\/api.w.org\/{rel}","templated":true}]}}