{"id":824,"date":"2023-01-05T16:20:28","date_gmt":"2023-01-05T13:20:28","guid":{"rendered":"https:\/\/www.siberguvenlikzirvesi.org.tr\/2023\/?page_id=824"},"modified":"2024-02-14T15:28:18","modified_gmt":"2024-02-14T12:28:18","slug":"danisma-kurulu","status":"publish","type":"page","link":"https:\/\/www.siberguvenlikzirvesi.org.tr\/2024\/danisma-kurulu","title":{"rendered":"Dan\u0131\u015fma Kurulu"},"content":{"rendered":"<ul>\n<li>\u0130lknur \u0130NAM, T.C. Sanayi ve Teknoloji Bakanl\u0131\u011f\u0131<\/li>\n<li>\u0130rfan KESK\u0130N, T.C. Sanayi ve Teknoloji Bakanl\u0131\u011f\u0131<\/li>\n<li>Onur GEN\u00c7ER, T.C. Ula\u015ft\u0131rma ve Altyap\u0131 Bakanl\u0131\u011f\u0131<\/li>\n<li>Salih TALAY, T.C. Cumhurba\u015fkanl\u0131\u011f\u0131 Dijital D\u00f6n\u00fc\u015f\u00fcm Ofisi<\/li>\n<li>Ahmet \u015eAM\u0130L DEM\u0130RCAN, T.C. Milli E\u011fitim Bakanl\u0131\u011f\u0131<\/li>\n<li>Orhan Kemal ARDI\u00c7, T.C. Ula\u015ft\u0131rma ve Altyap\u0131 Bakanl\u0131\u011f\u0131<\/li>\n<li>Av. I\u015f\u0131l Selen DENEMEC, T.C. Cumhurba\u015fkanl\u0131\u011f\u0131 Dijital D\u00f6n\u00fc\u015f\u00fcm Ofisi<\/li>\n<li>Av. Ferhat DO\u011eRUS\u00d6Z, T.C. Sa\u011fl\u0131k Bakanl\u0131\u011f\u0131<\/li>\n<li>Dr. Mert \u00d6ZARAR,\u00a0T.C. Hazine ve Maliye Bakanl\u0131\u011f\u0131<\/li>\n<li>M. Fatih ULU\u00c7AM, T.C. Sa\u011fl\u0131k Bakanl\u0131\u011f\u0131<\/li>\n<\/ul>\n","protected":false},"excerpt":{"rendered":"<p>\u0130lknur \u0130NAM, T.C. Sanayi ve Teknoloji Bakanl\u0131\u011f\u0131 \u0130rfan KESK\u0130N, T.C. Sanayi ve Teknoloji Bakanl\u0131\u011f\u0131 Onur GEN\u00c7ER, T.C. Ula\u015ft\u0131rma ve Altyap\u0131 Bakanl\u0131\u011f\u0131 Salih TALAY, T.C. Cumhurba\u015fkanl\u0131\u011f\u0131 Dijital<span class=\"excerpt-hellip\"> [\u2026]<\/span><\/p>\n","protected":false},"author":1,"featured_media":0,"parent":0,"menu_order":0,"comment_status":"closed","ping_status":"closed","template":"","meta":{"rs_blank_template":"","rs_page_bg_color":"","slide_template_v7":"","footnotes":""},"class_list":["post-824","page","type-page","status-publish","hentry"],"_links":{"self":[{"href":"https:\/\/www.siberguvenlikzirvesi.org.tr\/2024\/wp-json\/wp\/v2\/pages\/824","targetHints":{"allow":["GET"]}}],"collection":[{"href":"https:\/\/www.siberguvenlikzirvesi.org.tr\/2024\/wp-json\/wp\/v2\/pages"}],"about":[{"href":"https:\/\/www.siberguvenlikzirvesi.org.tr\/2024\/wp-json\/wp\/v2\/types\/page"}],"author":[{"embeddable":true,"href":"https:\/\/www.siberguvenlikzirvesi.org.tr\/2024\/wp-json\/wp\/v2\/users\/1"}],"replies":[{"embeddable":true,"href":"https:\/\/www.siberguvenlikzirvesi.org.tr\/2024\/wp-json\/wp\/v2\/comments?post=824"}],"version-history":[{"count":5,"href":"https:\/\/www.siberguvenlikzirvesi.org.tr\/2024\/wp-json\/wp\/v2\/pages\/824\/revisions"}],"predecessor-version":[{"id":993,"href":"https:\/\/www.siberguvenlikzirvesi.org.tr\/2024\/wp-json\/wp\/v2\/pages\/824\/revisions\/993"}],"wp:attachment":[{"href":"https:\/\/www.siberguvenlikzirvesi.org.tr\/2024\/wp-json\/wp\/v2\/media?parent=824"}],"curies":[{"name":"wp","href":"https:\/\/api.w.org\/{rel}","templated":true}]}}