{"id":628,"date":"2022-01-18T16:06:22","date_gmt":"2022-01-18T13:06:22","guid":{"rendered":"https:\/\/www.siberguvenlikzirvesi.org.tr\/2022\/?page_id=628"},"modified":"2025-05-14T21:37:39","modified_gmt":"2025-05-14T18:37:39","slug":"etkinlik-yurutme-kurulu","status":"publish","type":"page","link":"https:\/\/www.siberguvenlikzirvesi.org.tr\/2025\/etkinlik-yurutme-kurulu","title":{"rendered":"Etkinlik Y\u00fcr\u00fctme Kurulu"},"content":{"rendered":"<p>&nbsp;<\/p>\n<ul>\n<li>Mehmet YILMAZER<\/li>\n<li>H. G\u00f6khan ERZURUMLUO\u011eLU<\/li>\n<li>L\u00fctfi \u00d6ZB\u0130LEN<\/li>\n<li>Cebrail TA\u015eKIN<\/li>\n<li>Halil YAL\u00c7IN<\/li>\n<li>\u00d6zcan \u015eAH\u0130N<\/li>\n<li>Asl\u0131 BALTA<\/li>\n<li>Ye\u015fim ERGUN<\/li>\n<li>Serap KILI\u00c7DO\u011eAN<\/li>\n<\/ul>\n<p>&nbsp;<\/p>\n","protected":false},"excerpt":{"rendered":"<p>&nbsp; Mehmet YILMAZER H. G\u00f6khan ERZURUMLUO\u011eLU L\u00fctfi \u00d6ZB\u0130LEN Cebrail TA\u015eKIN Halil YAL\u00c7IN \u00d6zcan \u015eAH\u0130N Asl\u0131 BALTA Ye\u015fim ERGUN Serap KILI\u00c7DO\u011eAN &nbsp;<\/p>\n","protected":false},"author":1,"featured_media":-1,"parent":0,"menu_order":0,"comment_status":"closed","ping_status":"closed","template":"","meta":{"footnotes":""},"class_list":["post-628","page","type-page","status-publish","has-post-thumbnail","hentry"],"_links":{"self":[{"href":"https:\/\/www.siberguvenlikzirvesi.org.tr\/2025\/wp-json\/wp\/v2\/pages\/628","targetHints":{"allow":["GET"]}}],"collection":[{"href":"https:\/\/www.siberguvenlikzirvesi.org.tr\/2025\/wp-json\/wp\/v2\/pages"}],"about":[{"href":"https:\/\/www.siberguvenlikzirvesi.org.tr\/2025\/wp-json\/wp\/v2\/types\/page"}],"author":[{"embeddable":true,"href":"https:\/\/www.siberguvenlikzirvesi.org.tr\/2025\/wp-json\/wp\/v2\/users\/1"}],"replies":[{"embeddable":true,"href":"https:\/\/www.siberguvenlikzirvesi.org.tr\/2025\/wp-json\/wp\/v2\/comments?post=628"}],"version-history":[{"count":12,"href":"https:\/\/www.siberguvenlikzirvesi.org.tr\/2025\/wp-json\/wp\/v2\/pages\/628\/revisions"}],"predecessor-version":[{"id":1066,"href":"https:\/\/www.siberguvenlikzirvesi.org.tr\/2025\/wp-json\/wp\/v2\/pages\/628\/revisions\/1066"}],"wp:featuredmedia":[{"embeddable":true,"href":"https:\/\/www.siberguvenlikzirvesi.org.tr\/2025\/wp-json\/"}],"wp:attachment":[{"href":"https:\/\/www.siberguvenlikzirvesi.org.tr\/2025\/wp-json\/wp\/v2\/media?parent=628"}],"curies":[{"name":"wp","href":"https:\/\/api.w.org\/{rel}","templated":true}]}}