{"id":824,"date":"2023-01-05T16:20:28","date_gmt":"2023-01-05T13:20:28","guid":{"rendered":"https:\/\/www.siberguvenlikzirvesi.org.tr\/2023\/?page_id=824"},"modified":"2025-05-02T17:44:11","modified_gmt":"2025-05-02T14:44:11","slug":"program-kurulu","status":"publish","type":"page","link":"https:\/\/www.siberguvenlikzirvesi.org.tr\/2025\/program-kurulu","title":{"rendered":"Program Kurulu"},"content":{"rendered":"<p>&nbsp;<\/p>\n<ul>\n<li>Mehmet YILMAZER<\/li>\n<li>G\u00f6khan ERZURUMLUO\u011eLU<\/li>\n<li>Cemal GEMC\u0130<\/li>\n<li>Dilek \u015eEN KARAKAYA<\/li>\n<li>B\u00fclent KONUK<\/li>\n<li>Burak DAYIO\u011eLU<\/li>\n<li>Mehmet Ali \u0130NCEEFE<\/li>\n<li>\u00d6zg\u00fcr TURAN<\/li>\n<li>Nuray DEDEO\u011eLU<\/li>\n<li>Zeynep Nida ENG\u00dcR<\/li>\n<\/ul>\n","protected":false},"excerpt":{"rendered":"<p>&nbsp; Mehmet YILMAZER G\u00f6khan ERZURUMLUO\u011eLU Cemal GEMC\u0130 Dilek \u015eEN KARAKAYA B\u00fclent KONUK Burak DAYIO\u011eLU Mehmet Ali \u0130NCEEFE \u00d6zg\u00fcr TURAN Nuray DEDEO\u011eLU Zeynep Nida ENG\u00dcR<\/p>\n","protected":false},"author":1,"featured_media":-1,"parent":0,"menu_order":0,"comment_status":"closed","ping_status":"closed","template":"","meta":{"rs_blank_template":"","rs_page_bg_color":"","slide_template_v7":"","footnotes":""},"class_list":["post-824","page","type-page","status-publish","has-post-thumbnail","hentry"],"_links":{"self":[{"href":"https:\/\/www.siberguvenlikzirvesi.org.tr\/2025\/wp-json\/wp\/v2\/pages\/824","targetHints":{"allow":["GET"]}}],"collection":[{"href":"https:\/\/www.siberguvenlikzirvesi.org.tr\/2025\/wp-json\/wp\/v2\/pages"}],"about":[{"href":"https:\/\/www.siberguvenlikzirvesi.org.tr\/2025\/wp-json\/wp\/v2\/types\/page"}],"author":[{"embeddable":true,"href":"https:\/\/www.siberguvenlikzirvesi.org.tr\/2025\/wp-json\/wp\/v2\/users\/1"}],"replies":[{"embeddable":true,"href":"https:\/\/www.siberguvenlikzirvesi.org.tr\/2025\/wp-json\/wp\/v2\/comments?post=824"}],"version-history":[{"count":6,"href":"https:\/\/www.siberguvenlikzirvesi.org.tr\/2025\/wp-json\/wp\/v2\/pages\/824\/revisions"}],"predecessor-version":[{"id":1042,"href":"https:\/\/www.siberguvenlikzirvesi.org.tr\/2025\/wp-json\/wp\/v2\/pages\/824\/revisions\/1042"}],"wp:featuredmedia":[{"embeddable":true,"href":"https:\/\/www.siberguvenlikzirvesi.org.tr\/2025\/wp-json\/"}],"wp:attachment":[{"href":"https:\/\/www.siberguvenlikzirvesi.org.tr\/2025\/wp-json\/wp\/v2\/media?parent=824"}],"curies":[{"name":"wp","href":"https:\/\/api.w.org\/{rel}","templated":true}]}}