{"id":1059,"date":"2025-05-14T17:39:28","date_gmt":"2025-05-14T14:39:28","guid":{"rendered":"https:\/\/www.siberguvenlikzirvesi.org.tr\/2025\/?page_id=1059"},"modified":"2026-03-11T15:12:47","modified_gmt":"2026-03-11T12:12:47","slug":"oturum-2","status":"publish","type":"page","link":"https:\/\/www.siberguvenlikzirvesi.org.tr\/2026\/oturumlar\/oturum-2","title":{"rendered":"Gelece\u011fin Tehditleri: Yapay Zek\u00e2 ile Sald\u0131r\u0131lar ve Savunmalar"},"content":{"rendered":"<h3>OTURUM 2 : Gelece\u011fin Tehditleri: Yapay Zek\u00e2 ile Sald\u0131r\u0131lar ve Savunmalar<\/h3>\n<p>Yapay zek\u00e2 teknolojilerinin h\u0131zla geli\u015fmesi, g\u00fcvenlik d\u00fcnyas\u0131nda hem benzersiz f\u0131rsatlar hem de daha sofistike tehditler ortaya \u00e7\u0131kar\u0131yor. Bu oturum, gelece\u011fin siber sald\u0131r\u0131 tekniklerinde yapay zek\u00e2n\u0131n nas\u0131l bir rol oynayaca\u011f\u0131n\u0131, ayn\u0131 zamanda savunma taraf\u0131nda kurumlar\u0131n bu geli\u015fmelere nas\u0131l kar\u015f\u0131l\u0131k verebilece\u011fini derinlemesine ele al\u0131yor.<\/p>\n<p>Kat\u0131l\u0131mc\u0131lar; otonom sald\u0131r\u0131 ara\u00e7lar\u0131ndan yapay zek\u00e2 destekli sosyal m\u00fchendislik y\u00f6ntemlerine, geli\u015fmi\u015f tehdit avc\u0131l\u0131\u011f\u0131 \u00e7\u00f6z\u00fcmlerinden ger\u00e7ek zamanl\u0131 savunma mekanizmalar\u0131na kadar geni\u015f bir yelpazede g\u00fcncel ve gelece\u011fe d\u00f6n\u00fck senaryolarla tan\u0131\u015facak. Ayr\u0131ca yapay zek\u00e2 tabanl\u0131 sald\u0131r\u0131 ve savunma stratejilerinin etik, hukuki ve operasyonel boyutlar\u0131 da uzmanlar taraf\u0131ndan tart\u0131\u015f\u0131lacak.<\/p>\n<p>Siber g\u00fcvenlik liderleri, teknoloji profesyonelleri ve strateji belirleyiciler i\u00e7in yol g\u00f6sterici nitelikte olan bu oturum, h\u0131zla evrilen dijital risk ortam\u0131nda proaktif, s\u00fcrd\u00fcr\u00fclebilir ve ak\u0131ll\u0131 savunma yakla\u015f\u0131mlar\u0131n\u0131n kap\u0131lar\u0131n\u0131 aral\u0131yor.<\/p>\n","protected":false},"excerpt":{"rendered":"<p>OTURUM 2 : Gelece\u011fin Tehditleri: Yapay Zek\u00e2 ile Sald\u0131r\u0131lar ve Savunmalar Yapay zek\u00e2 teknolojilerinin h\u0131zla geli\u015fmesi, g\u00fcvenlik d\u00fcnyas\u0131nda hem benzersiz f\u0131rsatlar hem de daha sofistike tehditler<span class=\"excerpt-hellip\"> [\u2026]<\/span><\/p>\n","protected":false},"author":1,"featured_media":-1,"parent":455,"menu_order":0,"comment_status":"closed","ping_status":"closed","template":"","meta":{"rs_blank_template":"","rs_page_bg_color":"","slide_template_v7":"","footnotes":""},"class_list":["post-1059","page","type-page","status-publish","has-post-thumbnail","hentry"],"_links":{"self":[{"href":"https:\/\/www.siberguvenlikzirvesi.org.tr\/2026\/wp-json\/wp\/v2\/pages\/1059","targetHints":{"allow":["GET"]}}],"collection":[{"href":"https:\/\/www.siberguvenlikzirvesi.org.tr\/2026\/wp-json\/wp\/v2\/pages"}],"about":[{"href":"https:\/\/www.siberguvenlikzirvesi.org.tr\/2026\/wp-json\/wp\/v2\/types\/page"}],"author":[{"embeddable":true,"href":"https:\/\/www.siberguvenlikzirvesi.org.tr\/2026\/wp-json\/wp\/v2\/users\/1"}],"replies":[{"embeddable":true,"href":"https:\/\/www.siberguvenlikzirvesi.org.tr\/2026\/wp-json\/wp\/v2\/comments?post=1059"}],"version-history":[{"count":1,"href":"https:\/\/www.siberguvenlikzirvesi.org.tr\/2026\/wp-json\/wp\/v2\/pages\/1059\/revisions"}],"predecessor-version":[{"id":1119,"href":"https:\/\/www.siberguvenlikzirvesi.org.tr\/2026\/wp-json\/wp\/v2\/pages\/1059\/revisions\/1119"}],"up":[{"embeddable":true,"href":"https:\/\/www.siberguvenlikzirvesi.org.tr\/2026\/wp-json\/wp\/v2\/pages\/455"}],"wp:featuredmedia":[{"embeddable":true,"href":"https:\/\/www.siberguvenlikzirvesi.org.tr\/2026\/wp-json\/"}],"wp:attachment":[{"href":"https:\/\/www.siberguvenlikzirvesi.org.tr\/2026\/wp-json\/wp\/v2\/media?parent=1059"}],"curies":[{"name":"wp","href":"https:\/\/api.w.org\/{rel}","templated":true}]}}