{"id":1117,"date":"2026-03-11T15:07:51","date_gmt":"2026-03-11T12:07:51","guid":{"rendered":"https:\/\/www.siberguvenlikzirvesi.org.tr\/2026\/?page_id=1117"},"modified":"2026-03-30T17:05:38","modified_gmt":"2026-03-30T14:05:38","slug":"egitim-1","status":"publish","type":"page","link":"https:\/\/www.siberguvenlikzirvesi.org.tr\/2026\/oturumlar\/egitim-1","title":{"rendered":"Yapay Zek\u00e2 Destekli Tehdit Tespiti ve Olay M\u00fcdahalesi"},"content":{"rendered":"<h3>E\u011e\u0130T\u0130M 1 : Yapay Zek\u00e2 Destekli Tehdit Tespiti ve Olay M\u00fcdahalesi<\/h3>\n<h4 style=\"text-align: center;\">Kay\u0131tlar Tamamlanm\u0131\u015ft\u0131r.<\/h4>\n","protected":false},"excerpt":{"rendered":"<p>E\u011e\u0130T\u0130M 1 : Yapay Zek\u00e2 Destekli Tehdit Tespiti ve Olay M\u00fcdahalesi Kay\u0131tlar Tamamlanm\u0131\u015ft\u0131r.<\/p>\n","protected":false},"author":1,"featured_media":-1,"parent":455,"menu_order":0,"comment_status":"closed","ping_status":"closed","template":"","meta":{"rs_blank_template":"","rs_page_bg_color":"","slide_template_v7":"","footnotes":""},"class_list":["post-1117","page","type-page","status-publish","has-post-thumbnail","hentry"],"_links":{"self":[{"href":"https:\/\/www.siberguvenlikzirvesi.org.tr\/2026\/wp-json\/wp\/v2\/pages\/1117","targetHints":{"allow":["GET"]}}],"collection":[{"href":"https:\/\/www.siberguvenlikzirvesi.org.tr\/2026\/wp-json\/wp\/v2\/pages"}],"about":[{"href":"https:\/\/www.siberguvenlikzirvesi.org.tr\/2026\/wp-json\/wp\/v2\/types\/page"}],"author":[{"embeddable":true,"href":"https:\/\/www.siberguvenlikzirvesi.org.tr\/2026\/wp-json\/wp\/v2\/users\/1"}],"replies":[{"embeddable":true,"href":"https:\/\/www.siberguvenlikzirvesi.org.tr\/2026\/wp-json\/wp\/v2\/comments?post=1117"}],"version-history":[{"count":4,"href":"https:\/\/www.siberguvenlikzirvesi.org.tr\/2026\/wp-json\/wp\/v2\/pages\/1117\/revisions"}],"predecessor-version":[{"id":1153,"href":"https:\/\/www.siberguvenlikzirvesi.org.tr\/2026\/wp-json\/wp\/v2\/pages\/1117\/revisions\/1153"}],"up":[{"embeddable":true,"href":"https:\/\/www.siberguvenlikzirvesi.org.tr\/2026\/wp-json\/wp\/v2\/pages\/455"}],"wp:featuredmedia":[{"embeddable":true,"href":"https:\/\/www.siberguvenlikzirvesi.org.tr\/2026\/wp-json\/"}],"wp:attachment":[{"href":"https:\/\/www.siberguvenlikzirvesi.org.tr\/2026\/wp-json\/wp\/v2\/media?parent=1117"}],"curies":[{"name":"wp","href":"https:\/\/api.w.org\/{rel}","templated":true}]}}