{"id":455,"date":"2022-01-18T14:45:02","date_gmt":"2022-01-18T11:45:02","guid":{"rendered":"https:\/\/www.siberguvenlikzirvesi.org.tr\/2022\/?page_id=455"},"modified":"2026-01-26T12:56:03","modified_gmt":"2026-01-26T09:56:03","slug":"oturumlar","status":"publish","type":"page","link":"https:\/\/www.siberguvenlikzirvesi.org.tr\/2026\/oturumlar","title":{"rendered":"Oturumlar"},"content":{"rendered":"<ul>\n<li><a href=\"https:\/\/www.siberguvenlikzirvesi.org.tr\/2026\/oturumlar\/oturum-1\">Oturum: Kamu ve \u00d6zel Sekt\u00f6rde Yapay Zek\u00e2 Tabanl\u0131 G\u00fcvenlik Yakla\u015f\u0131mlar\u0131<\/a><\/li>\n<li><a href=\"https:\/\/www.siberguvenlikzirvesi.org.tr\/2026\/oturumlar\/oturum-2\">Oturum: Gelece\u011fin Tehditleri: Yapay Zek\u00e2 ile Sald\u0131r\u0131lar ve Savunmalar<\/a><\/li>\n<li><a href=\"https:\/\/www.siberguvenlikzirvesi.org.tr\/2026\/oturumlar\/oturum-3\">Oturum: Yapay Zek\u00e2 Ekosisteminde Reg\u00fclasyon, Etik ve G\u00fcvenli Dijital Gelecek<\/a><\/li>\n<\/ul>\n","protected":false},"excerpt":{"rendered":"<p>Oturum: Kamu ve \u00d6zel Sekt\u00f6rde Yapay Zek\u00e2 Tabanl\u0131 G\u00fcvenlik Yakla\u015f\u0131mlar\u0131 Oturum: Gelece\u011fin Tehditleri: Yapay Zek\u00e2 ile Sald\u0131r\u0131lar ve Savunmalar Oturum: Yapay Zek\u00e2 Ekosisteminde Reg\u00fclasyon, Etik ve<span class=\"excerpt-hellip\"> [\u2026]<\/span><\/p>\n","protected":false},"author":1,"featured_media":-1,"parent":0,"menu_order":0,"comment_status":"closed","ping_status":"closed","template":"","meta":{"rs_blank_template":"","rs_page_bg_color":"","slide_template_v7":"","footnotes":""},"class_list":["post-455","page","type-page","status-publish","has-post-thumbnail","hentry"],"_links":{"self":[{"href":"https:\/\/www.siberguvenlikzirvesi.org.tr\/2026\/wp-json\/wp\/v2\/pages\/455","targetHints":{"allow":["GET"]}}],"collection":[{"href":"https:\/\/www.siberguvenlikzirvesi.org.tr\/2026\/wp-json\/wp\/v2\/pages"}],"about":[{"href":"https:\/\/www.siberguvenlikzirvesi.org.tr\/2026\/wp-json\/wp\/v2\/types\/page"}],"author":[{"embeddable":true,"href":"https:\/\/www.siberguvenlikzirvesi.org.tr\/2026\/wp-json\/wp\/v2\/users\/1"}],"replies":[{"embeddable":true,"href":"https:\/\/www.siberguvenlikzirvesi.org.tr\/2026\/wp-json\/wp\/v2\/comments?post=455"}],"version-history":[{"count":0,"href":"https:\/\/www.siberguvenlikzirvesi.org.tr\/2026\/wp-json\/wp\/v2\/pages\/455\/revisions"}],"wp:featuredmedia":[{"embeddable":true,"href":"https:\/\/www.siberguvenlikzirvesi.org.tr\/2026\/wp-json\/"}],"wp:attachment":[{"href":"https:\/\/www.siberguvenlikzirvesi.org.tr\/2026\/wp-json\/wp\/v2\/media?parent=455"}],"curies":[{"name":"wp","href":"https:\/\/api.w.org\/{rel}","templated":true}]}}