{"id":463,"date":"2024-01-02T16:03:39","date_gmt":"2024-01-02T13:03:39","guid":{"rendered":"https:\/\/www.siberguvenlikzirvesi.org.tr\/2022\/?page_id=463"},"modified":"2026-03-11T15:14:46","modified_gmt":"2026-03-11T12:14:46","slug":"oturum-3","status":"publish","type":"page","link":"https:\/\/www.siberguvenlikzirvesi.org.tr\/2026\/oturumlar\/oturum-3","title":{"rendered":"Yapay Zek\u00e2 Ekosisteminde Reg\u00fclasyon, Etik ve G\u00fcvenli Dijital Gelecek"},"content":{"rendered":"<h3>OTURUM 3 : Yapay Zek\u00e2 Ekosisteminde Reg\u00fclasyon, Etik ve G\u00fcvenli Dijital Gelecek<\/h3>\n<p>Yapay zek\u00e2 teknolojilerinin h\u0131zla yayg\u0131nla\u015ft\u0131\u011f\u0131 g\u00fcn\u00fcm\u00fczde, g\u00fcvenli, \u015feffaf ve insan odakl\u0131 bir dijital gelecek in\u015fa edebilmek i\u00e7in g\u00fc\u00e7l\u00fc bir reg\u00fclasyon ve etik \u00e7er\u00e7eveye duyulan ihtiya\u00e7 her zamankinden daha fazla hissediliyor. Bu oturum, yapay zek\u00e2 ekosisteminin s\u00fcrd\u00fcr\u00fclebilir \u015fekilde b\u00fcy\u00fcmesi i\u00e7in gerekli olan hukuki d\u00fczenlemeleri, etik ilkeleri ve g\u00fcvenlik standartlar\u0131n\u0131 b\u00fct\u00fcnc\u00fcl bir bak\u0131\u015f a\u00e7\u0131s\u0131yla ele almay\u0131 ama\u00e7l\u0131yor.<\/p>\n<p>Kat\u0131l\u0131mc\u0131lar; uluslararas\u0131 yapay zek\u00e2 politikalar\u0131ndaki son geli\u015fmelerden T\u00fcrkiye\u2019deki reg\u00fclasyon dinamiklerine, veri gizlili\u011finden algoritmik \u015feffafl\u0131\u011fa, risk s\u0131n\u0131fland\u0131rma modellerinden g\u00fcvenilir yapay zek\u00e2 uygulamalar\u0131na kadar geni\u015f kapsaml\u0131 ba\u015fl\u0131klarda uzman g\u00f6r\u00fc\u015fleri edinecek. Ayr\u0131ca kamu, \u00f6zel sekt\u00f6r ve akademi aras\u0131ndaki i\u015f birli\u011finin g\u00fcvenli dijital d\u00f6n\u00fc\u015f\u00fcm \u00fczerindeki kritik rol\u00fc de tart\u0131\u015f\u0131lacak.<\/p>\n<p>Yapay zek\u00e2n\u0131n sundu\u011fu f\u0131rsatlar\u0131 g\u00fcvenli ve sorumlu bir \u015fekilde de\u011ferlendirmeyi hedefleyen y\u00f6neticiler, politika yap\u0131c\u0131lar, hukuk ve teknoloji profesyonelleri i\u00e7in rehber niteli\u011fi ta\u015f\u0131yan bu oturum, gelece\u011fin dijital toplumunun temel yap\u0131 ta\u015flar\u0131n\u0131 \u015fekillendirmeye katk\u0131 sunuyor.<\/p>\n","protected":false},"excerpt":{"rendered":"<p>OTURUM 3 : Yapay Zek\u00e2 Ekosisteminde Reg\u00fclasyon, Etik ve G\u00fcvenli Dijital Gelecek Yapay zek\u00e2 teknolojilerinin h\u0131zla yayg\u0131nla\u015ft\u0131\u011f\u0131 g\u00fcn\u00fcm\u00fczde, g\u00fcvenli, \u015feffaf ve insan odakl\u0131 bir dijital gelecek<span class=\"excerpt-hellip\"> [\u2026]<\/span><\/p>\n","protected":false},"author":1,"featured_media":-1,"parent":455,"menu_order":0,"comment_status":"closed","ping_status":"closed","template":"","meta":{"rs_blank_template":"","rs_page_bg_color":"","slide_template_v7":"","footnotes":""},"class_list":["post-463","page","type-page","status-publish","has-post-thumbnail","hentry"],"_links":{"self":[{"href":"https:\/\/www.siberguvenlikzirvesi.org.tr\/2026\/wp-json\/wp\/v2\/pages\/463","targetHints":{"allow":["GET"]}}],"collection":[{"href":"https:\/\/www.siberguvenlikzirvesi.org.tr\/2026\/wp-json\/wp\/v2\/pages"}],"about":[{"href":"https:\/\/www.siberguvenlikzirvesi.org.tr\/2026\/wp-json\/wp\/v2\/types\/page"}],"author":[{"embeddable":true,"href":"https:\/\/www.siberguvenlikzirvesi.org.tr\/2026\/wp-json\/wp\/v2\/users\/1"}],"replies":[{"embeddable":true,"href":"https:\/\/www.siberguvenlikzirvesi.org.tr\/2026\/wp-json\/wp\/v2\/comments?post=463"}],"version-history":[{"count":2,"href":"https:\/\/www.siberguvenlikzirvesi.org.tr\/2026\/wp-json\/wp\/v2\/pages\/463\/revisions"}],"predecessor-version":[{"id":1126,"href":"https:\/\/www.siberguvenlikzirvesi.org.tr\/2026\/wp-json\/wp\/v2\/pages\/463\/revisions\/1126"}],"up":[{"embeddable":true,"href":"https:\/\/www.siberguvenlikzirvesi.org.tr\/2026\/wp-json\/wp\/v2\/pages\/455"}],"wp:featuredmedia":[{"embeddable":true,"href":"https:\/\/www.siberguvenlikzirvesi.org.tr\/2026\/wp-json\/"}],"wp:attachment":[{"href":"https:\/\/www.siberguvenlikzirvesi.org.tr\/2026\/wp-json\/wp\/v2\/media?parent=463"}],"curies":[{"name":"wp","href":"https:\/\/api.w.org\/{rel}","templated":true}]}}